{"id":106,"date":"2025-11-23T14:18:51","date_gmt":"2025-11-23T19:18:51","guid":{"rendered":"https:\/\/latchamartsdev.wpenginepowered.com\/?page_id=106"},"modified":"2026-03-21T12:13:55","modified_gmt":"2026-03-21T16:13:55","slug":"our-board","status":"publish","type":"page","link":"https:\/\/www.latchamartcentre.ca\/fr\/about-latcham-art-centre\/our-board\/","title":{"rendered":"Notre conseil d&#039;administration"},"content":{"rendered":"<div data-elementor-type=\"wp-page\" data-elementor-id=\"106\" class=\"elementor elementor-106\" data-elementor-post-type=\"page\">\n\t\t\t\t<div class=\"elementor-element elementor-element-8eefc70 e-con-full stretchFullwidth e-flex e-con e-parent\" data-id=\"8eefc70\" data-element_type=\"container\" data-e-type=\"container\" data-settings=\"{&quot;background_background&quot;:&quot;classic&quot;}\">\n\t\t\t\t<div class=\"elementor-element elementor-element-8c81cb2 elementor-widget elementor-widget-heading\" data-id=\"8c81cb2\" data-element_type=\"widget\" data-e-type=\"widget\" data-widget_type=\"heading.default\">\n\t\t\t\t\t<h2 class=\"elementor-heading-title elementor-size-default\">Notre conseil d&#039;administration<\/h2>\t\t\t\t<\/div>\n\t\t\t\t<div class=\"elementor-element elementor-element-72f9cd0 elementor-widget elementor-widget-heading\" data-id=\"72f9cd0\" data-element_type=\"widget\" data-e-type=\"widget\" data-widget_type=\"heading.default\">\n\t\t\t\t\t<h3 class=\"elementor-heading-title elementor-size-default\">Fournir des conseils et un soutien<\/h3>\t\t\t\t<\/div>\n\t\t\t\t<div class=\"elementor-element elementor-element-2f9ae98 elementor-widget-divider--view-line elementor-widget elementor-widget-divider\" data-id=\"2f9ae98\" data-element_type=\"widget\" data-e-type=\"widget\" data-widget_type=\"divider.default\">\n\t\t\t\t\t\t\t<div class=\"elementor-divider\">\n\t\t\t<span class=\"elementor-divider-separator\">\n\t\t\t\t\t\t<\/span>\n\t\t<\/div>\n\t\t\t\t\t\t<\/div>\n\t\t\t\t<\/div>\n\t\t<div class=\"elementor-element elementor-element-2bbe7f8 e-con-full elementor-hidden-desktop elementor-hidden-laptop elementor-hidden-tablet elementor-hidden-mobile e-flex e-con e-child\" data-id=\"2bbe7f8\" data-element_type=\"container\" data-e-type=\"container\">\n\t\t<div class=\"elementor-element elementor-element-962030e e-con-full e-grid e-con e-child\" data-id=\"962030e\" data-element_type=\"container\" data-e-type=\"container\">\n\t\t<div class=\"elementor-element elementor-element-223d7cf e-con-full e-flex e-con e-child\" data-id=\"223d7cf\" data-element_type=\"container\" data-e-type=\"container\">\n\t\t\t\t<div class=\"elementor-element elementor-element-51e967c elementor-widget elementor-widget-image\" data-id=\"51e967c\" data-element_type=\"widget\" data-e-type=\"widget\" data-widget_type=\"image.default\">\n\t\t\t\t\t\t\t\t\t\t\t\t\t\t\t<img decoding=\"async\" src=\"https:\/\/www.latchamartcentre.ca\/wp-content\/plugins\/elementor\/assets\/images\/placeholder.png\" title=\"\" alt=\"\" loading=\"lazy\" \/>\t\t\t\t\t\t\t\t\t\t\t\t\t\t\t<\/div>\n\t\t\t\t<div class=\"elementor-element elementor-element-6c634a3 elementor-widget elementor-widget-heading\" data-id=\"6c634a3\" data-element_type=\"widget\" data-e-type=\"widget\" data-widget_type=\"heading.default\">\n\t\t\t\t\t<h5 class=\"elementor-heading-title elementor-size-default\">Nom<\/h5>\t\t\t\t<\/div>\n\t\t\t\t<div class=\"elementor-element elementor-element-ca6089e elementor-widget elementor-widget-heading\" data-id=\"ca6089e\" data-element_type=\"widget\" data-e-type=\"widget\" data-widget_type=\"heading.default\">\n\t\t\t\t\t<p class=\"elementor-heading-title elementor-size-default\">titre<\/p>\t\t\t\t<\/div>\n\t\t\t\t<\/div>\n\t\t\t\t<\/div>\n\t\t\t\t<\/div>\n\t\t<div class=\"elementor-element elementor-element-c0b603b e-con-full e-flex e-con e-parent\" data-id=\"c0b603b\" data-element_type=\"container\" data-e-type=\"container\">\n\t\t<div class=\"elementor-element elementor-element-bd566ff e-con-full e-flex e-con e-child\" data-id=\"bd566ff\" data-element_type=\"container\" data-e-type=\"container\">\n\t\t<div class=\"elementor-element elementor-element-78d4a57 e-con-full e-flex e-con e-child\" data-id=\"78d4a57\" data-element_type=\"container\" data-e-type=\"container\">\n\t\t\t\t<div class=\"elementor-element elementor-element-77c5e29 elementor-widget elementor-widget-heading\" data-id=\"77c5e29\" data-element_type=\"widget\" data-e-type=\"widget\" data-widget_type=\"heading.default\">\n\t\t\t\t\t<h3 class=\"elementor-heading-title elementor-size-default\">\u00c0 propos du conseil d&#039;administration<\/h3>\t\t\t\t<\/div>\n\t\t\t\t<\/div>\n\t\t<div class=\"elementor-element elementor-element-2e0cfba e-con-full e-flex e-con e-child\" data-id=\"2e0cfba\" data-element_type=\"container\" data-e-type=\"container\">\n\t\t\t\t<div class=\"elementor-element elementor-element-c3c2e71 elementor-widget elementor-widget-text-editor\" data-id=\"c3c2e71\" data-element_type=\"widget\" data-e-type=\"widget\" data-widget_type=\"text-editor.default\">\n\t\t\t\t\t\t\t\t\t<p>Le Latcham Art Centre est g\u00e9r\u00e9 par un conseil d&#039;administration b\u00e9n\u00e9vole qui s&#039;engage \u00e0 assurer le succ\u00e8s \u00e0 long terme, la p\u00e9rennit\u00e9 et l&#039;impact communautaire de l&#039;organisation.<\/p><p>Le conseil d&#039;administration est garant de la mission de Latcham et assure la direction strat\u00e9gique, la supervision financi\u00e8re et la gouvernance. En partenariat avec le directeur g\u00e9n\u00e9ral, il veille \u00e0 ce que Latcham demeure un p\u00f4le culturel dynamique pour la communaut\u00e9.<\/p>\t\t\t\t\t\t\t\t<\/div>\n\t\t\t\t<\/div>\n\t\t\t\t<\/div>\n\t\t\t\t<div class=\"elementor-element elementor-element-d19b709 elementor-widget-divider--view-line elementor-widget elementor-widget-divider\" data-id=\"d19b709\" data-element_type=\"widget\" data-e-type=\"widget\" data-widget_type=\"divider.default\">\n\t\t\t\t\t\t\t<div class=\"elementor-divider\">\n\t\t\t<span class=\"elementor-divider-separator\">\n\t\t\t\t\t\t<\/span>\n\t\t<\/div>\n\t\t\t\t\t\t<\/div>\n\t\t<div class=\"elementor-element elementor-element-1fc6fdb e-con-full e-flex e-con e-child\" data-id=\"1fc6fdb\" data-element_type=\"container\" data-e-type=\"container\">\n\t\t<div class=\"elementor-element elementor-element-26b22aa e-con-full e-flex e-con e-child\" data-id=\"26b22aa\" data-element_type=\"container\" data-e-type=\"container\">\n\t\t\t\t<div class=\"elementor-element elementor-element-c6111f7 elementor-widget elementor-widget-heading\" data-id=\"c6111f7\" data-element_type=\"widget\" data-e-type=\"widget\" data-widget_type=\"heading.default\">\n\t\t\t\t\t<h3 class=\"elementor-heading-title elementor-size-default\">Membres<\/h3>\t\t\t\t<\/div>\n\t\t\t\t<\/div>\n\t\t<div class=\"elementor-element elementor-element-3c3f26d e-con-full e-flex e-con e-child\" data-id=\"3c3f26d\" data-element_type=\"container\" data-e-type=\"container\">\n\t\t<div class=\"elementor-element elementor-element-25780a4 e-con-full e-flex e-con e-child\" data-id=\"25780a4\" data-element_type=\"container\" data-e-type=\"container\">\n\t\t<div class=\"elementor-element elementor-element-6f2f935 e-con-full e-flex e-con e-child\" data-id=\"6f2f935\" data-element_type=\"container\" data-e-type=\"container\">\n\t\t\t\t<div class=\"elementor-element elementor-element-246ec8a elementor-widget elementor-widget-heading\" data-id=\"246ec8a\" data-element_type=\"widget\" data-e-type=\"widget\" data-widget_type=\"heading.default\">\n\t\t\t\t\t<span class=\"elementor-heading-title elementor-size-default\">Sandra Liaros - Pr\u00e9sidente du conseil d&#039;administration<\/span>\t\t\t\t<\/div>\n\t\t\t\t<div class=\"elementor-element elementor-element-ef5f397 elementor-widget-divider--view-line elementor-widget elementor-widget-divider\" data-id=\"ef5f397\" data-element_type=\"widget\" data-e-type=\"widget\" data-widget_type=\"divider.default\">\n\t\t\t\t\t\t\t<div class=\"elementor-divider\">\n\t\t\t<span class=\"elementor-divider-separator\">\n\t\t\t\t\t\t<\/span>\n\t\t<\/div>\n\t\t\t\t\t\t<\/div>\n\t\t\t\t<div class=\"elementor-element elementor-element-46bf3d0 elementor-widget elementor-widget-heading\" data-id=\"46bf3d0\" data-element_type=\"widget\" data-e-type=\"widget\" data-widget_type=\"heading.default\">\n\t\t\t\t\t<span class=\"elementor-heading-title elementor-size-default\">Nadine Williams - Vice-pr\u00e9sidente du conseil d&#039;administration<\/span>\t\t\t\t<\/div>\n\t\t\t\t<div class=\"elementor-element elementor-element-784ec9c elementor-widget-divider--view-line elementor-widget elementor-widget-divider\" data-id=\"784ec9c\" data-element_type=\"widget\" data-e-type=\"widget\" data-widget_type=\"divider.default\">\n\t\t\t\t\t\t\t<div class=\"elementor-divider\">\n\t\t\t<span class=\"elementor-divider-separator\">\n\t\t\t\t\t\t<\/span>\n\t\t<\/div>\n\t\t\t\t\t\t<\/div>\n\t\t\t\t<div class=\"elementor-element elementor-element-94ff6b3 elementor-widget elementor-widget-heading\" data-id=\"94ff6b3\" data-element_type=\"widget\" data-e-type=\"widget\" data-widget_type=\"heading.default\">\n\t\t\t\t\t<span class=\"elementor-heading-title elementor-size-default\">Carol Hughes<\/span>\t\t\t\t<\/div>\n\t\t\t\t<div class=\"elementor-element elementor-element-3093b34 elementor-widget-divider--view-line elementor-widget elementor-widget-divider\" data-id=\"3093b34\" data-element_type=\"widget\" data-e-type=\"widget\" data-widget_type=\"divider.default\">\n\t\t\t\t\t\t\t<div class=\"elementor-divider\">\n\t\t\t<span class=\"elementor-divider-separator\">\n\t\t\t\t\t\t<\/span>\n\t\t<\/div>\n\t\t\t\t\t\t<\/div>\n\t\t\t\t<div class=\"elementor-element elementor-element-9f592bf elementor-widget elementor-widget-heading\" data-id=\"9f592bf\" data-element_type=\"widget\" data-e-type=\"widget\" data-widget_type=\"heading.default\">\n\t\t\t\t\t<span class=\"elementor-heading-title elementor-size-default\">Conseiller Hugo Kroon - Quartier 1<\/span>\t\t\t\t<\/div>\n\t\t\t\t<div class=\"elementor-element elementor-element-79a1d7e elementor-widget-divider--view-line elementor-widget elementor-widget-divider\" data-id=\"79a1d7e\" data-element_type=\"widget\" data-e-type=\"widget\" data-widget_type=\"divider.default\">\n\t\t\t\t\t\t\t<div class=\"elementor-divider\">\n\t\t\t<span class=\"elementor-divider-separator\">\n\t\t\t\t\t\t<\/span>\n\t\t<\/div>\n\t\t\t\t\t\t<\/div>\n\t\t\t\t<div class=\"elementor-element elementor-element-115ac56 elementor-widget elementor-widget-heading\" data-id=\"115ac56\" data-element_type=\"widget\" data-e-type=\"widget\" data-widget_type=\"heading.default\">\n\t\t\t\t\t<span class=\"elementor-heading-title elementor-size-default\">David Parmer<\/span>\t\t\t\t<\/div>\n\t\t\t\t<\/div>\n\t\t<div class=\"elementor-element elementor-element-0fd2392 e-con-full e-flex e-con e-child\" data-id=\"0fd2392\" data-element_type=\"container\" data-e-type=\"container\">\n\t\t\t\t<div class=\"elementor-element elementor-element-5bc6e6f elementor-hidden-desktop elementor-hidden-laptop elementor-hidden-tablet elementor-widget-divider--view-line elementor-widget elementor-widget-divider\" data-id=\"5bc6e6f\" data-element_type=\"widget\" data-e-type=\"widget\" data-widget_type=\"divider.default\">\n\t\t\t\t\t\t\t<div class=\"elementor-divider\">\n\t\t\t<span class=\"elementor-divider-separator\">\n\t\t\t\t\t\t<\/span>\n\t\t<\/div>\n\t\t\t\t\t\t<\/div>\n\t\t\t\t<div class=\"elementor-element elementor-element-877d936 elementor-widget elementor-widget-heading\" data-id=\"877d936\" data-element_type=\"widget\" data-e-type=\"widget\" data-widget_type=\"heading.default\">\n\t\t\t\t\t<span class=\"elementor-heading-title elementor-size-default\">Rocco Priore<\/span>\t\t\t\t<\/div>\n\t\t\t\t<div class=\"elementor-element elementor-element-2fc7915 elementor-widget-divider--view-line elementor-widget elementor-widget-divider\" data-id=\"2fc7915\" data-element_type=\"widget\" data-e-type=\"widget\" data-widget_type=\"divider.default\">\n\t\t\t\t\t\t\t<div class=\"elementor-divider\">\n\t\t\t<span class=\"elementor-divider-separator\">\n\t\t\t\t\t\t<\/span>\n\t\t<\/div>\n\t\t\t\t\t\t<\/div>\n\t\t\t\t<div class=\"elementor-element elementor-element-898d8e0 elementor-widget elementor-widget-heading\" data-id=\"898d8e0\" data-element_type=\"widget\" data-e-type=\"widget\" data-widget_type=\"heading.default\">\n\t\t\t\t\t<span class=\"elementor-heading-title elementor-size-default\">Dina Simon<\/span>\t\t\t\t<\/div>\n\t\t\t\t<div class=\"elementor-element elementor-element-356e2f7 elementor-widget-divider--view-line elementor-widget elementor-widget-divider\" data-id=\"356e2f7\" data-element_type=\"widget\" data-e-type=\"widget\" data-widget_type=\"divider.default\">\n\t\t\t\t\t\t\t<div class=\"elementor-divider\">\n\t\t\t<span class=\"elementor-divider-separator\">\n\t\t\t\t\t\t<\/span>\n\t\t<\/div>\n\t\t\t\t\t\t<\/div>\n\t\t\t\t<div class=\"elementor-element elementor-element-cd0c089 elementor-widget elementor-widget-heading\" data-id=\"cd0c089\" data-element_type=\"widget\" data-e-type=\"widget\" data-widget_type=\"heading.default\">\n\t\t\t\t\t<span class=\"elementor-heading-title elementor-size-default\">Conseiller Maurice Smith - Quartier 2<\/span>\t\t\t\t<\/div>\n\t\t\t\t<div class=\"elementor-element elementor-element-657dafa elementor-widget-divider--view-line elementor-widget elementor-widget-divider\" data-id=\"657dafa\" data-element_type=\"widget\" data-e-type=\"widget\" data-widget_type=\"divider.default\">\n\t\t\t\t\t\t\t<div class=\"elementor-divider\">\n\t\t\t<span class=\"elementor-divider-separator\">\n\t\t\t\t\t\t<\/span>\n\t\t<\/div>\n\t\t\t\t\t\t<\/div>\n\t\t\t\t<div class=\"elementor-element elementor-element-44ebb43 elementor-widget elementor-widget-heading\" data-id=\"44ebb43\" data-element_type=\"widget\" data-e-type=\"widget\" data-widget_type=\"heading.default\">\n\t\t\t\t\t<span class=\"elementor-heading-title elementor-size-default\">Colin Whitebread<\/span>\t\t\t\t<\/div>\n\t\t\t\t<div class=\"elementor-element elementor-element-f5f0b96 elementor-widget-divider--view-line elementor-widget elementor-widget-divider\" data-id=\"f5f0b96\" data-element_type=\"widget\" data-e-type=\"widget\" data-widget_type=\"divider.default\">\n\t\t\t\t\t\t\t<div class=\"elementor-divider\">\n\t\t\t<span class=\"elementor-divider-separator\">\n\t\t\t\t\t\t<\/span>\n\t\t<\/div>\n\t\t\t\t\t\t<\/div>\n\t\t\t\t<div class=\"elementor-element elementor-element-28be5b7 elementor-widget elementor-widget-heading\" data-id=\"28be5b7\" data-element_type=\"widget\" data-e-type=\"widget\" data-widget_type=\"heading.default\">\n\t\t\t\t\t<span class=\"elementor-heading-title elementor-size-default\">Margaret Wallace - PDG, secr\u00e9taire et tr\u00e9sori\u00e8re du conseil d&#039;administration<\/span>\t\t\t\t<\/div>\n\t\t\t\t<\/div>\n\t\t\t\t<\/div>\n\t\t\t\t<div class=\"elementor-element elementor-element-7386f5a elementor-widget elementor-widget-text-editor\" data-id=\"7386f5a\" data-element_type=\"widget\" data-e-type=\"widget\" data-widget_type=\"text-editor.default\">\n\t\t\t\t\t\t\t\t\tLe conseil d&#039;administration r\u00e9unit des personnes aux comp\u00e9tences, exp\u00e9riences et perspectives diverses, refl\u00e9tant la communaut\u00e9 que nous servons et renfor\u00e7ant le Latcham Art Centre.\t\t\t\t\t\t\t\t<\/div>\n\t\t\t\t<\/div>\n\t\t\t\t<\/div>\n\t\t\t\t<\/div>\n\t\t\t\t<\/div>","protected":false},"excerpt":{"rendered":"<p>Providing guidance and support Name title About The Board The Latcham Art Centre is governed by a volunteer Board of Directors committed to ensuring the long-term success, sustainability, and community impact of the organization. The Board serves as the steward of Latcham\u2019s mission and is responsible for providing strategic leadership, financial oversight, and governance. Working [&hellip;]<\/p>\n","protected":false},"author":2,"featured_media":0,"parent":104,"menu_order":0,"comment_status":"closed","ping_status":"closed","template":"","meta":{"_acf_changed":false,"footnotes":""},"class_list":["post-106","page","type-page","status-publish","hentry"],"acf":[],"yoast_head":"<!-- This site is optimized with the Yoast SEO plugin v27.5 - https:\/\/yoast.com\/product\/yoast-seo-wordpress\/ -->\n<title>Our Board - Latcham Art Centre<\/title>\n<meta name=\"robots\" content=\"index, follow, max-snippet:-1, max-image-preview:large, max-video-preview:-1\" \/>\n<link rel=\"canonical\" href=\"https:\/\/www.latchamartcentre.ca\/fr\/about-latcham-art-centre\/our-board\/\" \/>\n<meta property=\"og:locale\" content=\"fr_CA\" \/>\n<meta property=\"og:type\" content=\"article\" \/>\n<meta property=\"og:title\" content=\"Our Board - Latcham Art Centre\" \/>\n<meta property=\"og:description\" content=\"Providing guidance and support Name title About The Board The Latcham Art Centre is governed by a volunteer Board of Directors committed to ensuring the long-term success, sustainability, and community impact of the organization. The Board serves as the steward of Latcham\u2019s mission and is responsible for providing strategic leadership, financial oversight, and governance. Working [&hellip;]\" \/>\n<meta property=\"og:url\" content=\"https:\/\/www.latchamartcentre.ca\/fr\/about-latcham-art-centre\/our-board\/\" \/>\n<meta property=\"og:site_name\" content=\"Latcham Art Centre\" \/>\n<meta property=\"article:publisher\" content=\"https:\/\/www.facebook.com\/LatchamArtCentre\/\" \/>\n<meta property=\"article:modified_time\" content=\"2026-03-21T16:13:55+00:00\" \/>\n<meta property=\"og:image\" content=\"https:\/\/www.latchamartcentre.ca\/wp-content\/plugins\/elementor\/assets\/images\/placeholder.png\" \/>\n<meta name=\"twitter:card\" content=\"summary_large_image\" \/>\n<meta name=\"twitter:label1\" content=\"Est. reading time\" \/>\n\t<meta name=\"twitter:data1\" content=\"1 minute\" \/>\n<script type=\"application\/ld+json\" class=\"yoast-schema-graph\">{\"@context\":\"https:\\\/\\\/schema.org\",\"@graph\":[{\"@type\":\"WebPage\",\"@id\":\"https:\\\/\\\/www.latchamartcentre.ca\\\/about-latcham-art-centre\\\/our-board\\\/\",\"url\":\"https:\\\/\\\/www.latchamartcentre.ca\\\/about-latcham-art-centre\\\/our-board\\\/\",\"name\":\"Our Board - Latcham Art Centre\",\"isPartOf\":{\"@id\":\"https:\\\/\\\/www.latchamartcentre.ca\\\/#website\"},\"primaryImageOfPage\":{\"@id\":\"https:\\\/\\\/www.latchamartcentre.ca\\\/about-latcham-art-centre\\\/our-board\\\/#primaryimage\"},\"image\":{\"@id\":\"https:\\\/\\\/www.latchamartcentre.ca\\\/about-latcham-art-centre\\\/our-board\\\/#primaryimage\"},\"thumbnailUrl\":\"https:\\\/\\\/www.latchamartcentre.ca\\\/wp-content\\\/plugins\\\/elementor\\\/assets\\\/images\\\/placeholder.png\",\"datePublished\":\"2025-11-23T19:18:51+00:00\",\"dateModified\":\"2026-03-21T16:13:55+00:00\",\"breadcrumb\":{\"@id\":\"https:\\\/\\\/www.latchamartcentre.ca\\\/about-latcham-art-centre\\\/our-board\\\/#breadcrumb\"},\"inLanguage\":\"fr-CA\",\"potentialAction\":[{\"@type\":\"ReadAction\",\"target\":[\"https:\\\/\\\/www.latchamartcentre.ca\\\/about-latcham-art-centre\\\/our-board\\\/\"]}]},{\"@type\":\"ImageObject\",\"inLanguage\":\"fr-CA\",\"@id\":\"https:\\\/\\\/www.latchamartcentre.ca\\\/about-latcham-art-centre\\\/our-board\\\/#primaryimage\",\"url\":\"https:\\\/\\\/www.latchamartcentre.ca\\\/wp-content\\\/plugins\\\/elementor\\\/assets\\\/images\\\/placeholder.png\",\"contentUrl\":\"https:\\\/\\\/www.latchamartcentre.ca\\\/wp-content\\\/plugins\\\/elementor\\\/assets\\\/images\\\/placeholder.png\"},{\"@type\":\"BreadcrumbList\",\"@id\":\"https:\\\/\\\/www.latchamartcentre.ca\\\/about-latcham-art-centre\\\/our-board\\\/#breadcrumb\",\"itemListElement\":[{\"@type\":\"ListItem\",\"position\":1,\"name\":\"Home\",\"item\":\"https:\\\/\\\/www.latchamartcentre.ca\\\/\"},{\"@type\":\"ListItem\",\"position\":2,\"name\":\"About Latcham Arts\",\"item\":\"https:\\\/\\\/www.latchamartcentre.ca\\\/about-latcham-art-centre\\\/\"},{\"@type\":\"ListItem\",\"position\":3,\"name\":\"Our Board\"}]},{\"@type\":\"WebSite\",\"@id\":\"https:\\\/\\\/www.latchamartcentre.ca\\\/#website\",\"url\":\"https:\\\/\\\/www.latchamartcentre.ca\\\/\",\"name\":\"Latcham Art Centre\",\"description\":\"Engaging Visual &amp; Contemporary Art In Stouffville Ontario\",\"publisher\":{\"@id\":\"https:\\\/\\\/www.latchamartcentre.ca\\\/#organization\"},\"potentialAction\":[{\"@type\":\"SearchAction\",\"target\":{\"@type\":\"EntryPoint\",\"urlTemplate\":\"https:\\\/\\\/www.latchamartcentre.ca\\\/?s={search_term_string}\"},\"query-input\":{\"@type\":\"PropertyValueSpecification\",\"valueRequired\":true,\"valueName\":\"search_term_string\"}}],\"inLanguage\":\"fr-CA\"},{\"@type\":\"Organization\",\"@id\":\"https:\\\/\\\/www.latchamartcentre.ca\\\/#organization\",\"name\":\"Latcham Art Centre\",\"url\":\"https:\\\/\\\/www.latchamartcentre.ca\\\/\",\"logo\":{\"@type\":\"ImageObject\",\"inLanguage\":\"fr-CA\",\"@id\":\"https:\\\/\\\/www.latchamartcentre.ca\\\/#\\\/schema\\\/logo\\\/image\\\/\",\"url\":\"https:\\\/\\\/www.latchamartcentre.ca\\\/wp-content\\\/uploads\\\/2025\\\/09\\\/Latcham-arts-centre.webp\",\"contentUrl\":\"https:\\\/\\\/www.latchamartcentre.ca\\\/wp-content\\\/uploads\\\/2025\\\/09\\\/Latcham-arts-centre.webp\",\"width\":1535,\"height\":475,\"caption\":\"Latcham Art Centre\"},\"image\":{\"@id\":\"https:\\\/\\\/www.latchamartcentre.ca\\\/#\\\/schema\\\/logo\\\/image\\\/\"},\"sameAs\":[\"https:\\\/\\\/www.facebook.com\\\/LatchamArtCentre\\\/\",\"http:\\\/\\\/instagram.com\\\/latchamartcentre\\\/?hl=en\",\"https:\\\/\\\/www.youtube.com\\\/@latchamartcentre1301\\\/featured\"]}]}<\/script>\n<!-- \/ Yoast SEO plugin. -->","yoast_head_json":{"title":"Our Board - Latcham Art Centre","robots":{"index":"index","follow":"follow","max-snippet":"max-snippet:-1","max-image-preview":"max-image-preview:large","max-video-preview":"max-video-preview:-1"},"canonical":"https:\/\/www.latchamartcentre.ca\/fr\/about-latcham-art-centre\/our-board\/","og_locale":"fr_CA","og_type":"article","og_title":"Our Board - Latcham Art Centre","og_description":"Providing guidance and support Name title About The Board The Latcham Art Centre is governed by a volunteer Board of Directors committed to ensuring the long-term success, sustainability, and community impact of the organization. The Board serves as the steward of Latcham\u2019s mission and is responsible for providing strategic leadership, financial oversight, and governance. Working [&hellip;]","og_url":"https:\/\/www.latchamartcentre.ca\/fr\/about-latcham-art-centre\/our-board\/","og_site_name":"Latcham Art Centre","article_publisher":"https:\/\/www.facebook.com\/LatchamArtCentre\/","article_modified_time":"2026-03-21T16:13:55+00:00","og_image":[{"url":"https:\/\/www.latchamartcentre.ca\/wp-content\/plugins\/elementor\/assets\/images\/placeholder.png","type":"","width":"","height":""}],"twitter_card":"summary_large_image","twitter_misc":{"Est. reading time":"1 minute"},"schema":{"@context":"https:\/\/schema.org","@graph":[{"@type":"WebPage","@id":"https:\/\/www.latchamartcentre.ca\/about-latcham-art-centre\/our-board\/","url":"https:\/\/www.latchamartcentre.ca\/about-latcham-art-centre\/our-board\/","name":"Our Board - Latcham Art Centre","isPartOf":{"@id":"https:\/\/www.latchamartcentre.ca\/#website"},"primaryImageOfPage":{"@id":"https:\/\/www.latchamartcentre.ca\/about-latcham-art-centre\/our-board\/#primaryimage"},"image":{"@id":"https:\/\/www.latchamartcentre.ca\/about-latcham-art-centre\/our-board\/#primaryimage"},"thumbnailUrl":"https:\/\/www.latchamartcentre.ca\/wp-content\/plugins\/elementor\/assets\/images\/placeholder.png","datePublished":"2025-11-23T19:18:51+00:00","dateModified":"2026-03-21T16:13:55+00:00","breadcrumb":{"@id":"https:\/\/www.latchamartcentre.ca\/about-latcham-art-centre\/our-board\/#breadcrumb"},"inLanguage":"fr-CA","potentialAction":[{"@type":"ReadAction","target":["https:\/\/www.latchamartcentre.ca\/about-latcham-art-centre\/our-board\/"]}]},{"@type":"ImageObject","inLanguage":"fr-CA","@id":"https:\/\/www.latchamartcentre.ca\/about-latcham-art-centre\/our-board\/#primaryimage","url":"https:\/\/www.latchamartcentre.ca\/wp-content\/plugins\/elementor\/assets\/images\/placeholder.png","contentUrl":"https:\/\/www.latchamartcentre.ca\/wp-content\/plugins\/elementor\/assets\/images\/placeholder.png"},{"@type":"BreadcrumbList","@id":"https:\/\/www.latchamartcentre.ca\/about-latcham-art-centre\/our-board\/#breadcrumb","itemListElement":[{"@type":"ListItem","position":1,"name":"Home","item":"https:\/\/www.latchamartcentre.ca\/"},{"@type":"ListItem","position":2,"name":"About Latcham Arts","item":"https:\/\/www.latchamartcentre.ca\/about-latcham-art-centre\/"},{"@type":"ListItem","position":3,"name":"Our Board"}]},{"@type":"WebSite","@id":"https:\/\/www.latchamartcentre.ca\/#website","url":"https:\/\/www.latchamartcentre.ca\/","name":"Centre d&#039;art de Latcham","description":"Engaging Visual &amp; Contemporary Art In Stouffville Ontario","publisher":{"@id":"https:\/\/www.latchamartcentre.ca\/#organization"},"potentialAction":[{"@type":"SearchAction","target":{"@type":"EntryPoint","urlTemplate":"https:\/\/www.latchamartcentre.ca\/?s={search_term_string}"},"query-input":{"@type":"PropertyValueSpecification","valueRequired":true,"valueName":"search_term_string"}}],"inLanguage":"fr-CA"},{"@type":"Organization","@id":"https:\/\/www.latchamartcentre.ca\/#organization","name":"Centre d&#039;art de Latcham","url":"https:\/\/www.latchamartcentre.ca\/","logo":{"@type":"ImageObject","inLanguage":"fr-CA","@id":"https:\/\/www.latchamartcentre.ca\/#\/schema\/logo\/image\/","url":"https:\/\/www.latchamartcentre.ca\/wp-content\/uploads\/2025\/09\/Latcham-arts-centre.webp","contentUrl":"https:\/\/www.latchamartcentre.ca\/wp-content\/uploads\/2025\/09\/Latcham-arts-centre.webp","width":1535,"height":475,"caption":"Latcham Art Centre"},"image":{"@id":"https:\/\/www.latchamartcentre.ca\/#\/schema\/logo\/image\/"},"sameAs":["https:\/\/www.facebook.com\/LatchamArtCentre\/","http:\/\/instagram.com\/latchamartcentre\/?hl=en","https:\/\/www.youtube.com\/@latchamartcentre1301\/featured"]}]}},"_links":{"self":[{"href":"https:\/\/www.latchamartcentre.ca\/fr\/wp-json\/wp\/v2\/pages\/106","targetHints":{"allow":["GET"]}}],"collection":[{"href":"https:\/\/www.latchamartcentre.ca\/fr\/wp-json\/wp\/v2\/pages"}],"about":[{"href":"https:\/\/www.latchamartcentre.ca\/fr\/wp-json\/wp\/v2\/types\/page"}],"author":[{"embeddable":true,"href":"https:\/\/www.latchamartcentre.ca\/fr\/wp-json\/wp\/v2\/users\/2"}],"replies":[{"embeddable":true,"href":"https:\/\/www.latchamartcentre.ca\/fr\/wp-json\/wp\/v2\/comments?post=106"}],"version-history":[{"count":0,"href":"https:\/\/www.latchamartcentre.ca\/fr\/wp-json\/wp\/v2\/pages\/106\/revisions"}],"up":[{"embeddable":true,"href":"https:\/\/www.latchamartcentre.ca\/fr\/wp-json\/wp\/v2\/pages\/104"}],"wp:attachment":[{"href":"https:\/\/www.latchamartcentre.ca\/fr\/wp-json\/wp\/v2\/media?parent=106"}],"curies":[{"name":"wp","href":"https:\/\/api.w.org\/{rel}","templated":true}]}}