{"id":314,"date":"2026-01-06T15:43:17","date_gmt":"2026-01-06T20:43:17","guid":{"rendered":"https:\/\/latchamartsdev.wpenginepowered.com\/?page_id=314"},"modified":"2026-03-22T19:32:38","modified_gmt":"2026-03-22T23:32:38","slug":"project-documentation","status":"publish","type":"page","link":"https:\/\/www.latchamartcentre.ca\/fr\/project-documentation\/","title":{"rendered":"Documentation du projet"},"content":{"rendered":"<div data-elementor-type=\"wp-page\" data-elementor-id=\"314\" class=\"elementor elementor-314\" data-elementor-post-type=\"page\">\n\t\t\t\t<div class=\"elementor-element elementor-element-5e81659 e-con-full e-flex e-con e-parent\" data-id=\"5e81659\" data-element_type=\"container\" data-e-type=\"container\">\n\t\t\t\t<div class=\"elementor-element elementor-element-645dcd9 elementor-widget elementor-widget-heading\" data-id=\"645dcd9\" data-element_type=\"widget\" data-e-type=\"widget\" data-widget_type=\"heading.default\">\n\t\t\t\t\t<h2 class=\"elementor-heading-title elementor-size-default\">Documentation du projet<\/h2>\t\t\t\t<\/div>\n\t\t\t\t<div class=\"elementor-element elementor-element-04cd527 elementor-widget elementor-widget-heading\" data-id=\"04cd527\" data-element_type=\"widget\" data-e-type=\"widget\" data-widget_type=\"heading.default\">\n\t\t\t\t\t<h3 class=\"elementor-heading-title elementor-size-default\">Suivez le voyage<\/h3>\t\t\t\t<\/div>\n\t\t\t\t<div class=\"elementor-element elementor-element-6ba22a1 elementor-widget-divider--view-line elementor-widget elementor-widget-divider\" data-id=\"6ba22a1\" data-element_type=\"widget\" data-e-type=\"widget\" data-widget_type=\"divider.default\">\n\t\t\t\t\t\t\t<div class=\"elementor-divider\">\n\t\t\t<span class=\"elementor-divider-separator\">\n\t\t\t\t\t\t<\/span>\n\t\t<\/div>\n\t\t\t\t\t\t<\/div>\n\t\t\t\t<\/div>\n\t\t<div class=\"elementor-element elementor-element-63ff93b e-con-full e-flex e-con e-parent\" data-id=\"63ff93b\" data-element_type=\"container\" data-e-type=\"container\">\n\t\t\t\t<div class=\"elementor-element elementor-element-5042ff7 elementor-widget elementor-widget-shortcode\" data-id=\"5042ff7\" data-element_type=\"widget\" data-e-type=\"widget\" data-widget_type=\"shortcode.default\">\n\t\t\t\t\t\t\t<div class=\"elementor-shortcode\">\r\n\t<div class=\"latcham-search-wrap\" data-latcham-search data-ajax=\"https:\/\/www.latchamartcentre.ca\/wp-admin\/admin-ajax.php\" data-nonce=\"d12571d214\">\r\n\t\t<form action=\"\">\r\n\t\t\t<div class=\"latcham-controls\">\r\n\t\t\t\t<div class=\"latcham-row\">\r\n\t\t\t\t\t<div class=\"latcham-field latcham-column\">\r\n\t\t\t\t\t\t<div class=\"latcham-box\">\r\n\t\t\t\t\t\t\t<label for=\"latcham-s\">Recherche<\/label>\r\n\t\t\t\t\t\t\t<input id=\"latcham-s\" class=\"latcham-input\" type=\"search\" name=\"s\" placeholder=\"Recherchez des expositions, de l&#039;art public, des \u00e9v\u00e9nements \u00e0 la une, des rencontres avec des artistes...\" autocomplete=\"off\" \/>\r\n\t\t\t\t\t\t<\/div>\r\n<!--\r\n\t\t\t\t\t\t<div class=\"latcham-box\">\r\n\t\t\t\t\t\t\t<h4>Filter logic<\/h4>\r\n\t\t\t\t\t\t\t<div class=\"latcham-checks\">\r\n\t\t\t\t\t\t\t\t<label><input type=\"radio\" name=\"logic\" value=\"and\" checked> AND<\/label>\r\n\t\t\t\t\t\t\t\t<label><input type=\"radio\" name=\"logic\" value=\"or\"> OR<\/label>\r\n\t\t\t\t\t\t\t<\/div>\r\n\t\t\t\t\t\t<\/div>\r\n-->\r\n\t\t\t\t\t<\/div>\r\n\r\n\t\t\t\t\t<div class=\"latcham-box latcham-column\">\r\n\t\t\t\t\t\t<h4>Ann\u00e9e<\/h4>\r\n\t\t\t\t\t\t<div class=\"latcham-checks\">\r\n\t\t\t\t\t\t\t<label><input type=\"checkbox\" name=\"years_select_all\" value=\"1\"> Tout s\u00e9lectionner<\/label>\r\n\t\t\t\t\t\t\t\t\t\t\t\t\t\t\t<label><input type=\"checkbox\" name=\"years[]\" value=\"2018\"> 2018<\/label>\r\n\t\t\t\t\t\t\t\t\t\t\t\t\t\t\t<label><input type=\"checkbox\" name=\"years[]\" value=\"2019\"> 2019<\/label>\r\n\t\t\t\t\t\t\t\t\t\t\t\t\t\t\t<label><input type=\"checkbox\" name=\"years[]\" value=\"2020\"> 2020<\/label>\r\n\t\t\t\t\t\t\t\t\t\t\t\t\t\t\t<label><input type=\"checkbox\" name=\"years[]\" value=\"2021\"> 2021<\/label>\r\n\t\t\t\t\t\t\t\t\t\t\t\t\t\t\t<label><input type=\"checkbox\" name=\"years[]\" value=\"2022\"> 2022<\/label>\r\n\t\t\t\t\t\t\t\t\t\t\t\t\t\t\t<label><input type=\"checkbox\" name=\"years[]\" value=\"2023\"> 2023<\/label>\r\n\t\t\t\t\t\t\t\t\t\t\t\t\t\t\t<label><input type=\"checkbox\" name=\"years[]\" value=\"2024\"> 2024<\/label>\r\n\t\t\t\t\t\t\t\t\t\t\t\t\t\t\t<label><input type=\"checkbox\" name=\"years[]\" value=\"2025\"> 2025<\/label>\r\n\t\t\t\t\t\t\t\t\t\t\t\t\t\t\t<label><input type=\"checkbox\" name=\"years[]\" value=\"2026\"> 2026<\/label>\r\n\t\t\t\t\t\t\t\t\t\t\t\t\t<\/div>\r\n\t\t\t\t\t<\/div>\r\n\r\n\t\t\t\t\t<div class=\"latcham-box latcham-column\">\r\n\t\t\t\t\t\t<h4>Choisir un m\u00e9dium artistique<\/h4>\r\n\t\t\t\t\t\t<div class=\"latcham-checks\">\r\n\t\t\t\t\t\t\t\t\t\t\t\t\t\t\t<label><input type=\"checkbox\" name=\"post_types[]\" value=\"exhibitions\"> Expositions<\/label>\r\n\t\t\t\t\t\t\t\t\t\t\t\t\t\t\t<label><input type=\"checkbox\" name=\"post_types[]\" value=\"public_art\"> Art public<\/label>\r\n\t\t\t\t\t\t\t\t\t\t\t\t\t\t\t<label><input type=\"checkbox\" name=\"post_types[]\" value=\"spotlights\"> Projecteurs<\/label>\r\n\t\t\t\t\t\t\t\t\t\t\t\t\t\t\t<label><input type=\"checkbox\" name=\"post_types[]\" value=\"artist_talks\"> Conf\u00e9rences d&#039;artistes<\/label>\r\n\t\t\t\t\t\t\t\t\t\t\t\t\t<\/div>\r\n\t\t\t\t\t<\/div>\r\n\t\t\t\t<\/div>\r\n\r\n\t\t\t\t<div class=\"latcham-row\">\r\n\t\t\t\t\t<div class=\"latcham-actions\">\r\n\t\t\t\t\t\t<button class=\"latcham-btn\" type=\"submit\">Voir l&#039;\u0153uvre d&#039;art<\/button>\r\n\t\t\t\t\t<\/div>\r\n\t\t\t\t<\/div>\r\n\t\t\t<\/div>\r\n\t\t<input type=\"hidden\" name=\"trp-form-language\" value=\"fr\"\/><\/form>\r\n\r\n\t\t<div class=\"elementor-divider\">\r\n\t\t\t<span class=\"elementor-divider-separator\"><\/span>\r\n\t\t<\/div>\r\n\r\n\t\t<div data-results style=\"margin-top:10px;\"><\/div>\r\n\t<\/div>\r\n\r\n\t<\/div>\n\t\t\t\t\t\t<\/div>\n\t\t\t\t<\/div>\n\t\t\t\t<\/div>","protected":false},"excerpt":{"rendered":"<p>Suivez le voyage<\/p>","protected":false},"author":2,"featured_media":0,"parent":0,"menu_order":0,"comment_status":"closed","ping_status":"closed","template":"","meta":{"_acf_changed":false,"footnotes":""},"class_list":["post-314","page","type-page","status-publish","hentry"],"acf":[],"yoast_head":"<!-- This site is optimized with the Yoast SEO plugin v27.4 - https:\/\/yoast.com\/product\/yoast-seo-wordpress\/ -->\n<title>Project Documentation - Latcham Art Centre<\/title>\n<meta name=\"robots\" content=\"index, follow, max-snippet:-1, max-image-preview:large, max-video-preview:-1\" \/>\n<link rel=\"canonical\" href=\"https:\/\/www.latchamartcentre.ca\/fr\/project-documentation\/\" \/>\n<meta property=\"og:locale\" content=\"fr_CA\" \/>\n<meta property=\"og:type\" content=\"article\" \/>\n<meta property=\"og:title\" content=\"Project Documentation - Latcham Art Centre\" \/>\n<meta property=\"og:description\" content=\"Follow the journey\" \/>\n<meta property=\"og:url\" content=\"https:\/\/www.latchamartcentre.ca\/fr\/project-documentation\/\" \/>\n<meta property=\"og:site_name\" content=\"Latcham Art Centre\" \/>\n<meta property=\"article:publisher\" content=\"https:\/\/www.facebook.com\/LatchamArtCentre\/\" \/>\n<meta property=\"article:modified_time\" content=\"2026-03-22T23:32:38+00:00\" \/>\n<meta name=\"twitter:card\" content=\"summary_large_image\" \/>\n<meta name=\"twitter:label1\" content=\"Est. reading time\" \/>\n\t<meta name=\"twitter:data1\" content=\"1 minute\" \/>\n<script type=\"application\/ld+json\" class=\"yoast-schema-graph\">{\"@context\":\"https:\\\/\\\/schema.org\",\"@graph\":[{\"@type\":\"WebPage\",\"@id\":\"https:\\\/\\\/www.latchamartcentre.ca\\\/project-documentation\\\/\",\"url\":\"https:\\\/\\\/www.latchamartcentre.ca\\\/project-documentation\\\/\",\"name\":\"Project Documentation - Latcham Art Centre\",\"isPartOf\":{\"@id\":\"https:\\\/\\\/www.latchamartcentre.ca\\\/#website\"},\"datePublished\":\"2026-01-06T20:43:17+00:00\",\"dateModified\":\"2026-03-22T23:32:38+00:00\",\"breadcrumb\":{\"@id\":\"https:\\\/\\\/www.latchamartcentre.ca\\\/project-documentation\\\/#breadcrumb\"},\"inLanguage\":\"fr-CA\",\"potentialAction\":[{\"@type\":\"ReadAction\",\"target\":[\"https:\\\/\\\/www.latchamartcentre.ca\\\/project-documentation\\\/\"]}]},{\"@type\":\"BreadcrumbList\",\"@id\":\"https:\\\/\\\/www.latchamartcentre.ca\\\/project-documentation\\\/#breadcrumb\",\"itemListElement\":[{\"@type\":\"ListItem\",\"position\":1,\"name\":\"Home\",\"item\":\"https:\\\/\\\/www.latchamartcentre.ca\\\/\"},{\"@type\":\"ListItem\",\"position\":2,\"name\":\"Project Documentation\"}]},{\"@type\":\"WebSite\",\"@id\":\"https:\\\/\\\/www.latchamartcentre.ca\\\/#website\",\"url\":\"https:\\\/\\\/www.latchamartcentre.ca\\\/\",\"name\":\"Latcham Art Centre\",\"description\":\"Engaging Visual &amp; Contemporary Art In Stouffville Ontario\",\"publisher\":{\"@id\":\"https:\\\/\\\/www.latchamartcentre.ca\\\/#organization\"},\"potentialAction\":[{\"@type\":\"SearchAction\",\"target\":{\"@type\":\"EntryPoint\",\"urlTemplate\":\"https:\\\/\\\/www.latchamartcentre.ca\\\/?s={search_term_string}\"},\"query-input\":{\"@type\":\"PropertyValueSpecification\",\"valueRequired\":true,\"valueName\":\"search_term_string\"}}],\"inLanguage\":\"fr-CA\"},{\"@type\":\"Organization\",\"@id\":\"https:\\\/\\\/www.latchamartcentre.ca\\\/#organization\",\"name\":\"Latcham Art Centre\",\"url\":\"https:\\\/\\\/www.latchamartcentre.ca\\\/\",\"logo\":{\"@type\":\"ImageObject\",\"inLanguage\":\"fr-CA\",\"@id\":\"https:\\\/\\\/www.latchamartcentre.ca\\\/#\\\/schema\\\/logo\\\/image\\\/\",\"url\":\"https:\\\/\\\/www.latchamartcentre.ca\\\/wp-content\\\/uploads\\\/2025\\\/09\\\/Latcham-arts-centre.webp\",\"contentUrl\":\"https:\\\/\\\/www.latchamartcentre.ca\\\/wp-content\\\/uploads\\\/2025\\\/09\\\/Latcham-arts-centre.webp\",\"width\":1535,\"height\":475,\"caption\":\"Latcham Art Centre\"},\"image\":{\"@id\":\"https:\\\/\\\/www.latchamartcentre.ca\\\/#\\\/schema\\\/logo\\\/image\\\/\"},\"sameAs\":[\"https:\\\/\\\/www.facebook.com\\\/LatchamArtCentre\\\/\",\"http:\\\/\\\/instagram.com\\\/latchamartcentre\\\/?hl=en\",\"https:\\\/\\\/www.youtube.com\\\/@latchamartcentre1301\\\/featured\"]}]}<\/script>\n<!-- \/ Yoast SEO plugin. -->","yoast_head_json":{"title":"Project Documentation - Latcham Art Centre","robots":{"index":"index","follow":"follow","max-snippet":"max-snippet:-1","max-image-preview":"max-image-preview:large","max-video-preview":"max-video-preview:-1"},"canonical":"https:\/\/www.latchamartcentre.ca\/fr\/project-documentation\/","og_locale":"fr_CA","og_type":"article","og_title":"Project Documentation - Latcham Art Centre","og_description":"Follow the journey","og_url":"https:\/\/www.latchamartcentre.ca\/fr\/project-documentation\/","og_site_name":"Latcham Art Centre","article_publisher":"https:\/\/www.facebook.com\/LatchamArtCentre\/","article_modified_time":"2026-03-22T23:32:38+00:00","twitter_card":"summary_large_image","twitter_misc":{"Est. reading time":"1 minute"},"schema":{"@context":"https:\/\/schema.org","@graph":[{"@type":"WebPage","@id":"https:\/\/www.latchamartcentre.ca\/project-documentation\/","url":"https:\/\/www.latchamartcentre.ca\/project-documentation\/","name":"Project Documentation - Latcham Art Centre","isPartOf":{"@id":"https:\/\/www.latchamartcentre.ca\/#website"},"datePublished":"2026-01-06T20:43:17+00:00","dateModified":"2026-03-22T23:32:38+00:00","breadcrumb":{"@id":"https:\/\/www.latchamartcentre.ca\/project-documentation\/#breadcrumb"},"inLanguage":"fr-CA","potentialAction":[{"@type":"ReadAction","target":["https:\/\/www.latchamartcentre.ca\/project-documentation\/"]}]},{"@type":"BreadcrumbList","@id":"https:\/\/www.latchamartcentre.ca\/project-documentation\/#breadcrumb","itemListElement":[{"@type":"ListItem","position":1,"name":"Home","item":"https:\/\/www.latchamartcentre.ca\/"},{"@type":"ListItem","position":2,"name":"Project Documentation"}]},{"@type":"WebSite","@id":"https:\/\/www.latchamartcentre.ca\/#website","url":"https:\/\/www.latchamartcentre.ca\/","name":"Centre d&#039;art de Latcham","description":"Engaging Visual &amp; Contemporary Art In Stouffville Ontario","publisher":{"@id":"https:\/\/www.latchamartcentre.ca\/#organization"},"potentialAction":[{"@type":"SearchAction","target":{"@type":"EntryPoint","urlTemplate":"https:\/\/www.latchamartcentre.ca\/?s={search_term_string}"},"query-input":{"@type":"PropertyValueSpecification","valueRequired":true,"valueName":"search_term_string"}}],"inLanguage":"fr-CA"},{"@type":"Organization","@id":"https:\/\/www.latchamartcentre.ca\/#organization","name":"Centre d&#039;art de Latcham","url":"https:\/\/www.latchamartcentre.ca\/","logo":{"@type":"ImageObject","inLanguage":"fr-CA","@id":"https:\/\/www.latchamartcentre.ca\/#\/schema\/logo\/image\/","url":"https:\/\/www.latchamartcentre.ca\/wp-content\/uploads\/2025\/09\/Latcham-arts-centre.webp","contentUrl":"https:\/\/www.latchamartcentre.ca\/wp-content\/uploads\/2025\/09\/Latcham-arts-centre.webp","width":1535,"height":475,"caption":"Latcham Art Centre"},"image":{"@id":"https:\/\/www.latchamartcentre.ca\/#\/schema\/logo\/image\/"},"sameAs":["https:\/\/www.facebook.com\/LatchamArtCentre\/","http:\/\/instagram.com\/latchamartcentre\/?hl=en","https:\/\/www.youtube.com\/@latchamartcentre1301\/featured"]}]}},"_links":{"self":[{"href":"https:\/\/www.latchamartcentre.ca\/fr\/wp-json\/wp\/v2\/pages\/314","targetHints":{"allow":["GET"]}}],"collection":[{"href":"https:\/\/www.latchamartcentre.ca\/fr\/wp-json\/wp\/v2\/pages"}],"about":[{"href":"https:\/\/www.latchamartcentre.ca\/fr\/wp-json\/wp\/v2\/types\/page"}],"author":[{"embeddable":true,"href":"https:\/\/www.latchamartcentre.ca\/fr\/wp-json\/wp\/v2\/users\/2"}],"replies":[{"embeddable":true,"href":"https:\/\/www.latchamartcentre.ca\/fr\/wp-json\/wp\/v2\/comments?post=314"}],"version-history":[{"count":0,"href":"https:\/\/www.latchamartcentre.ca\/fr\/wp-json\/wp\/v2\/pages\/314\/revisions"}],"wp:attachment":[{"href":"https:\/\/www.latchamartcentre.ca\/fr\/wp-json\/wp\/v2\/media?parent=314"}],"curies":[{"name":"wp","href":"https:\/\/api.w.org\/{rel}","templated":true}]}}