{"id":1541,"date":"2026-03-03T10:45:20","date_gmt":"2026-03-03T15:45:20","guid":{"rendered":"https:\/\/latchamartsdev.wpenginepowered.com\/?post_type=product&#038;p=1541"},"modified":"2026-03-31T17:37:54","modified_gmt":"2026-03-31T21:37:54","slug":"summer-art-camp-week-6","status":"publish","type":"product","link":"https:\/\/www.latchamartcentre.ca\/fr\/product\/summer-art-camp-week-6\/","title":{"rendered":"Semaine 6 du camp d&#039;art d&#039;\u00e9t\u00e9"},"content":{"rendered":"<p>Le camp d&#039;art d&#039;\u00e9t\u00e9 se d\u00e9roule pendant sept semaines, en juillet et ao\u00fbt, pour les enfants de 5 \u00e0 11 ans. C&#039;est une merveilleuse occasion pour les participants de laisser libre cours \u00e0 leur cr\u00e9ativit\u00e9 et de se faire de nouveaux amis. Chaque semaine est diff\u00e9rente et anim\u00e9e par un artiste-\u00e9ducateur. Au programme\u00a0: une vari\u00e9t\u00e9 de projets artistiques tels que la peinture, le dessin, la sculpture et bien plus encore\u00a0! Une exposition des \u0153uvres des enfants aura lieu \u00e0 l&#039;atelier \u00e0 la fin du camp, pour le plus grand plaisir des familles et des amis.<\/p>\n<p>D\u00e9p\u00f4t entre 8h30 et 9h00. R\u00e9cup\u00e9ration entre 16h00 et 16h30.<\/p>","protected":false},"excerpt":{"rendered":"<p>Le camp artistique d&#039;\u00e9t\u00e9 se d\u00e9roule pendant sept semaines, en juillet et ao\u00fbt, pour les enfants de 5 \u00e0 11 ans. C&#039;est une merveilleuse occasion pour les participants de laisser libre cours \u00e0 leur cr\u00e9ativit\u00e9 et de se faire de nouveaux amis.<\/p>","protected":false},"author":2,"featured_media":1577,"template":"","meta":{"_acf_changed":false},"product_brand":[],"product_cat":[58],"product_tag":[],"class_list":{"0":"post-1541","1":"product","2":"type-product","3":"status-publish","4":"has-post-thumbnail","6":"product_cat-camps","8":"first","9":"instock","10":"purchasable","11":"product-type-simple"},"acf":[],"yoast_head":"<!-- This site is optimized with the Yoast SEO plugin v27.3 - https:\/\/yoast.com\/product\/yoast-seo-wordpress\/ -->\n<title>Summer Art Camp Week 6 - Latcham Art Centre<\/title>\n<meta name=\"robots\" content=\"index, follow, max-snippet:-1, max-image-preview:large, max-video-preview:-1\" \/>\n<link rel=\"canonical\" href=\"https:\/\/www.latchamartcentre.ca\/fr\/product\/summer-art-camp-week-6\/\" \/>\n<meta property=\"og:locale\" content=\"fr_CA\" \/>\n<meta property=\"og:type\" content=\"article\" \/>\n<meta property=\"og:title\" content=\"Summer Art Camp Week 6 - Latcham Art Centre\" \/>\n<meta property=\"og:description\" content=\"Summer Art Camp runs for seven weeks during the months of July and August for children ages 5-11. It is a wonderful opportunity for participants to get creative and make new friends.\" \/>\n<meta property=\"og:url\" content=\"https:\/\/www.latchamartcentre.ca\/fr\/product\/summer-art-camp-week-6\/\" \/>\n<meta property=\"og:site_name\" content=\"Latcham Art Centre\" \/>\n<meta property=\"article:publisher\" content=\"https:\/\/www.facebook.com\/LatchamArtCentre\/\" \/>\n<meta property=\"article:modified_time\" content=\"2026-03-31T21:37:54+00:00\" \/>\n<meta property=\"og:image\" content=\"https:\/\/www.latchamartcentre.ca\/wp-content\/uploads\/2026\/03\/clay.webp\" \/>\n\t<meta property=\"og:image:width\" content=\"2121\" \/>\n\t<meta property=\"og:image:height\" content=\"1414\" \/>\n\t<meta property=\"og:image:type\" content=\"image\/webp\" \/>\n<meta name=\"twitter:card\" content=\"summary_large_image\" \/>\n<meta name=\"twitter:label1\" content=\"Est. reading time\" \/>\n\t<meta name=\"twitter:data1\" content=\"1 minute\" \/>\n<script type=\"application\/ld+json\" class=\"yoast-schema-graph\">{\"@context\":\"https:\\\/\\\/schema.org\",\"@graph\":[{\"@type\":\"WebPage\",\"@id\":\"https:\\\/\\\/www.latchamartcentre.ca\\\/product\\\/summer-art-camp-week-6\\\/\",\"url\":\"https:\\\/\\\/www.latchamartcentre.ca\\\/product\\\/summer-art-camp-week-6\\\/\",\"name\":\"Summer Art Camp Week 6 - Latcham Art Centre\",\"isPartOf\":{\"@id\":\"https:\\\/\\\/www.latchamartcentre.ca\\\/#website\"},\"primaryImageOfPage\":{\"@id\":\"https:\\\/\\\/www.latchamartcentre.ca\\\/product\\\/summer-art-camp-week-6\\\/#primaryimage\"},\"image\":{\"@id\":\"https:\\\/\\\/www.latchamartcentre.ca\\\/product\\\/summer-art-camp-week-6\\\/#primaryimage\"},\"thumbnailUrl\":\"https:\\\/\\\/www.latchamartcentre.ca\\\/wp-content\\\/uploads\\\/2026\\\/03\\\/clay.webp\",\"datePublished\":\"2026-03-03T15:45:20+00:00\",\"dateModified\":\"2026-03-31T21:37:54+00:00\",\"breadcrumb\":{\"@id\":\"https:\\\/\\\/www.latchamartcentre.ca\\\/product\\\/summer-art-camp-week-6\\\/#breadcrumb\"},\"inLanguage\":\"fr-CA\",\"potentialAction\":[{\"@type\":\"ReadAction\",\"target\":[\"https:\\\/\\\/www.latchamartcentre.ca\\\/product\\\/summer-art-camp-week-6\\\/\"]}]},{\"@type\":\"ImageObject\",\"inLanguage\":\"fr-CA\",\"@id\":\"https:\\\/\\\/www.latchamartcentre.ca\\\/product\\\/summer-art-camp-week-6\\\/#primaryimage\",\"url\":\"https:\\\/\\\/www.latchamartcentre.ca\\\/wp-content\\\/uploads\\\/2026\\\/03\\\/clay.webp\",\"contentUrl\":\"https:\\\/\\\/www.latchamartcentre.ca\\\/wp-content\\\/uploads\\\/2026\\\/03\\\/clay.webp\",\"width\":2121,\"height\":1414},{\"@type\":\"BreadcrumbList\",\"@id\":\"https:\\\/\\\/www.latchamartcentre.ca\\\/product\\\/summer-art-camp-week-6\\\/#breadcrumb\",\"itemListElement\":[{\"@type\":\"ListItem\",\"position\":1,\"name\":\"Home\",\"item\":\"https:\\\/\\\/www.latchamartcentre.ca\\\/\"},{\"@type\":\"ListItem\",\"position\":2,\"name\":\"Programs\",\"item\":\"https:\\\/\\\/www.latchamartcentre.ca\\\/programs\\\/\"},{\"@type\":\"ListItem\",\"position\":3,\"name\":\"Summer Art Camp Week 6\"}]},{\"@type\":\"WebSite\",\"@id\":\"https:\\\/\\\/www.latchamartcentre.ca\\\/#website\",\"url\":\"https:\\\/\\\/www.latchamartcentre.ca\\\/\",\"name\":\"Latcham Art Centre\",\"description\":\"Engaging Visual &amp; Contemporary Art In Stouffville Ontario\",\"publisher\":{\"@id\":\"https:\\\/\\\/www.latchamartcentre.ca\\\/#organization\"},\"potentialAction\":[{\"@type\":\"SearchAction\",\"target\":{\"@type\":\"EntryPoint\",\"urlTemplate\":\"https:\\\/\\\/www.latchamartcentre.ca\\\/?s={search_term_string}\"},\"query-input\":{\"@type\":\"PropertyValueSpecification\",\"valueRequired\":true,\"valueName\":\"search_term_string\"}}],\"inLanguage\":\"fr-CA\"},{\"@type\":\"Organization\",\"@id\":\"https:\\\/\\\/www.latchamartcentre.ca\\\/#organization\",\"name\":\"Latcham Art Centre\",\"url\":\"https:\\\/\\\/www.latchamartcentre.ca\\\/\",\"logo\":{\"@type\":\"ImageObject\",\"inLanguage\":\"fr-CA\",\"@id\":\"https:\\\/\\\/www.latchamartcentre.ca\\\/#\\\/schema\\\/logo\\\/image\\\/\",\"url\":\"https:\\\/\\\/www.latchamartcentre.ca\\\/wp-content\\\/uploads\\\/2025\\\/09\\\/Latcham-arts-centre.webp\",\"contentUrl\":\"https:\\\/\\\/www.latchamartcentre.ca\\\/wp-content\\\/uploads\\\/2025\\\/09\\\/Latcham-arts-centre.webp\",\"width\":1535,\"height\":475,\"caption\":\"Latcham Art Centre\"},\"image\":{\"@id\":\"https:\\\/\\\/www.latchamartcentre.ca\\\/#\\\/schema\\\/logo\\\/image\\\/\"},\"sameAs\":[\"https:\\\/\\\/www.facebook.com\\\/LatchamArtCentre\\\/\",\"http:\\\/\\\/instagram.com\\\/latchamartcentre\\\/?hl=en\",\"https:\\\/\\\/www.youtube.com\\\/@latchamartcentre1301\\\/featured\"]}]}<\/script>\n<!-- \/ Yoast SEO plugin. -->","yoast_head_json":{"title":"Summer Art Camp Week 6 - Latcham Art Centre","robots":{"index":"index","follow":"follow","max-snippet":"max-snippet:-1","max-image-preview":"max-image-preview:large","max-video-preview":"max-video-preview:-1"},"canonical":"https:\/\/www.latchamartcentre.ca\/fr\/product\/summer-art-camp-week-6\/","og_locale":"fr_CA","og_type":"article","og_title":"Summer Art Camp Week 6 - Latcham Art Centre","og_description":"Summer Art Camp runs for seven weeks during the months of July and August for children ages 5-11. It is a wonderful opportunity for participants to get creative and make new friends.","og_url":"https:\/\/www.latchamartcentre.ca\/fr\/product\/summer-art-camp-week-6\/","og_site_name":"Latcham Art Centre","article_publisher":"https:\/\/www.facebook.com\/LatchamArtCentre\/","article_modified_time":"2026-03-31T21:37:54+00:00","og_image":[{"width":2121,"height":1414,"url":"https:\/\/www.latchamartcentre.ca\/wp-content\/uploads\/2026\/03\/clay.webp","type":"image\/webp"}],"twitter_card":"summary_large_image","twitter_misc":{"Est. reading time":"1 minute"},"schema":{"@context":"https:\/\/schema.org","@graph":[{"@type":"WebPage","@id":"https:\/\/www.latchamartcentre.ca\/product\/summer-art-camp-week-6\/","url":"https:\/\/www.latchamartcentre.ca\/product\/summer-art-camp-week-6\/","name":"Summer Art Camp Week 6 - Latcham Art Centre","isPartOf":{"@id":"https:\/\/www.latchamartcentre.ca\/#website"},"primaryImageOfPage":{"@id":"https:\/\/www.latchamartcentre.ca\/product\/summer-art-camp-week-6\/#primaryimage"},"image":{"@id":"https:\/\/www.latchamartcentre.ca\/product\/summer-art-camp-week-6\/#primaryimage"},"thumbnailUrl":"https:\/\/www.latchamartcentre.ca\/wp-content\/uploads\/2026\/03\/clay.webp","datePublished":"2026-03-03T15:45:20+00:00","dateModified":"2026-03-31T21:37:54+00:00","breadcrumb":{"@id":"https:\/\/www.latchamartcentre.ca\/product\/summer-art-camp-week-6\/#breadcrumb"},"inLanguage":"fr-CA","potentialAction":[{"@type":"ReadAction","target":["https:\/\/www.latchamartcentre.ca\/product\/summer-art-camp-week-6\/"]}]},{"@type":"ImageObject","inLanguage":"fr-CA","@id":"https:\/\/www.latchamartcentre.ca\/product\/summer-art-camp-week-6\/#primaryimage","url":"https:\/\/www.latchamartcentre.ca\/wp-content\/uploads\/2026\/03\/clay.webp","contentUrl":"https:\/\/www.latchamartcentre.ca\/wp-content\/uploads\/2026\/03\/clay.webp","width":2121,"height":1414},{"@type":"BreadcrumbList","@id":"https:\/\/www.latchamartcentre.ca\/product\/summer-art-camp-week-6\/#breadcrumb","itemListElement":[{"@type":"ListItem","position":1,"name":"Home","item":"https:\/\/www.latchamartcentre.ca\/"},{"@type":"ListItem","position":2,"name":"Programs","item":"https:\/\/www.latchamartcentre.ca\/programs\/"},{"@type":"ListItem","position":3,"name":"Summer Art Camp Week 6"}]},{"@type":"WebSite","@id":"https:\/\/www.latchamartcentre.ca\/#website","url":"https:\/\/www.latchamartcentre.ca\/","name":"Centre d&#039;art de Latcham","description":"Engaging Visual &amp; Contemporary Art In Stouffville Ontario","publisher":{"@id":"https:\/\/www.latchamartcentre.ca\/#organization"},"potentialAction":[{"@type":"SearchAction","target":{"@type":"EntryPoint","urlTemplate":"https:\/\/www.latchamartcentre.ca\/?s={search_term_string}"},"query-input":{"@type":"PropertyValueSpecification","valueRequired":true,"valueName":"search_term_string"}}],"inLanguage":"fr-CA"},{"@type":"Organization","@id":"https:\/\/www.latchamartcentre.ca\/#organization","name":"Centre d&#039;art de Latcham","url":"https:\/\/www.latchamartcentre.ca\/","logo":{"@type":"ImageObject","inLanguage":"fr-CA","@id":"https:\/\/www.latchamartcentre.ca\/#\/schema\/logo\/image\/","url":"https:\/\/www.latchamartcentre.ca\/wp-content\/uploads\/2025\/09\/Latcham-arts-centre.webp","contentUrl":"https:\/\/www.latchamartcentre.ca\/wp-content\/uploads\/2025\/09\/Latcham-arts-centre.webp","width":1535,"height":475,"caption":"Latcham Art Centre"},"image":{"@id":"https:\/\/www.latchamartcentre.ca\/#\/schema\/logo\/image\/"},"sameAs":["https:\/\/www.facebook.com\/LatchamArtCentre\/","http:\/\/instagram.com\/latchamartcentre\/?hl=en","https:\/\/www.youtube.com\/@latchamartcentre1301\/featured"]}]}},"_links":{"self":[{"href":"https:\/\/www.latchamartcentre.ca\/fr\/wp-json\/wp\/v2\/product\/1541","targetHints":{"allow":["GET"]}}],"collection":[{"href":"https:\/\/www.latchamartcentre.ca\/fr\/wp-json\/wp\/v2\/product"}],"about":[{"href":"https:\/\/www.latchamartcentre.ca\/fr\/wp-json\/wp\/v2\/types\/product"}],"author":[{"embeddable":true,"href":"https:\/\/www.latchamartcentre.ca\/fr\/wp-json\/wp\/v2\/users\/2"}],"wp:featuredmedia":[{"embeddable":true,"href":"https:\/\/www.latchamartcentre.ca\/fr\/wp-json\/wp\/v2\/media\/1577"}],"wp:attachment":[{"href":"https:\/\/www.latchamartcentre.ca\/fr\/wp-json\/wp\/v2\/media?parent=1541"}],"wp:term":[{"taxonomy":"product_brand","embeddable":true,"href":"https:\/\/www.latchamartcentre.ca\/fr\/wp-json\/wp\/v2\/product_brand?post=1541"},{"taxonomy":"product_cat","embeddable":true,"href":"https:\/\/www.latchamartcentre.ca\/fr\/wp-json\/wp\/v2\/product_cat?post=1541"},{"taxonomy":"product_tag","embeddable":true,"href":"https:\/\/www.latchamartcentre.ca\/fr\/wp-json\/wp\/v2\/product_tag?post=1541"}],"curies":[{"name":"wp","href":"https:\/\/api.w.org\/{rel}","templated":true}]}}