{"id":1833,"date":"2026-03-25T11:49:29","date_gmt":"2026-03-25T15:49:29","guid":{"rendered":"https:\/\/latchamarts.wpenginepowered.com\/?post_type=product&#038;p=1833"},"modified":"2026-04-20T13:57:30","modified_gmt":"2026-04-20T17:57:30","slug":"pa-day-art-camp-june5","status":"publish","type":"product","link":"https:\/\/www.latchamartcentre.ca\/fr\/product\/pa-day-art-camp-june5\/","title":{"rendered":"Camp d&#039;art de la journ\u00e9e p\u00e9dagogique le 5 juin"},"content":{"rendered":"<p><span class=\"OYPEnA text-decoration-none text-strikethrough-none\">Passez une journ\u00e9e immersive dans la cr\u00e9ativit\u00e9 au sein de notre atelier d&#039;art dynamique ! Au programme : des projets passionnants explorant diff\u00e9rents mat\u00e9riaux, styles et techniques. <\/span><\/p>\n<p>D\u00e9p\u00f4t entre 8h30 et 9h. R\u00e9cup\u00e9ration entre 16h et 16h30.<\/p>","protected":false},"excerpt":{"rendered":"<p>Passez une journ\u00e9e cr\u00e9ative dans notre atelier d&#039;art dynamique ! Au programme : des projets passionnants qui explorent diff\u00e9rents mat\u00e9riaux, styles et techniques. D\u00e9p\u00f4t des enfants entre 8h30 et 9h00. R\u00e9cup\u00e9ration entre 16h00 et 16h30.<\/p>","protected":false},"author":2,"featured_media":1854,"template":"","meta":{"_acf_changed":false},"product_brand":[],"product_cat":[58],"product_tag":[],"class_list":{"0":"post-1833","1":"product","2":"type-product","3":"status-publish","4":"has-post-thumbnail","6":"product_cat-camps","8":"first","9":"instock","10":"purchasable","11":"product-type-simple"},"acf":[],"yoast_head":"<!-- This site is optimized with the Yoast SEO plugin v27.4 - https:\/\/yoast.com\/product\/yoast-seo-wordpress\/ -->\n<title>PA Day Art Camp June 5 - Latcham Art Centre<\/title>\n<meta name=\"robots\" content=\"index, follow, max-snippet:-1, max-image-preview:large, max-video-preview:-1\" \/>\n<link rel=\"canonical\" href=\"https:\/\/www.latchamartcentre.ca\/fr\/product\/pa-day-art-camp-june5\/\" \/>\n<meta property=\"og:locale\" content=\"fr_CA\" \/>\n<meta property=\"og:type\" content=\"article\" \/>\n<meta property=\"og:title\" content=\"PA Day Art Camp June 5 - Latcham Art Centre\" \/>\n<meta property=\"og:description\" content=\"Spend a day immersed in creativity in our vibrant art studio! Featuring exciting projects that explore different materials, styles, and techniques. Drop off between 8:30 AM \u2013 9 AM. Pick up between 4:00 \u2013 4:30 PM\" \/>\n<meta property=\"og:url\" content=\"https:\/\/www.latchamartcentre.ca\/fr\/product\/pa-day-art-camp-june5\/\" \/>\n<meta property=\"og:site_name\" content=\"Latcham Art Centre\" \/>\n<meta property=\"article:publisher\" content=\"https:\/\/www.facebook.com\/LatchamArtCentre\/\" \/>\n<meta property=\"article:modified_time\" content=\"2026-04-20T17:57:30+00:00\" \/>\n<meta property=\"og:image\" content=\"https:\/\/www.latchamartcentre.ca\/wp-content\/uploads\/2026\/03\/P.A.-Day-Art-Camps.jpg\" \/>\n\t<meta property=\"og:image:width\" content=\"2520\" \/>\n\t<meta property=\"og:image:height\" content=\"1803\" \/>\n\t<meta property=\"og:image:type\" content=\"image\/jpeg\" \/>\n<meta name=\"twitter:card\" content=\"summary_large_image\" \/>\n<meta name=\"twitter:label1\" content=\"Est. reading time\" \/>\n\t<meta name=\"twitter:data1\" content=\"1 minute\" \/>\n<script type=\"application\/ld+json\" class=\"yoast-schema-graph\">{\"@context\":\"https:\\\/\\\/schema.org\",\"@graph\":[{\"@type\":\"WebPage\",\"@id\":\"https:\\\/\\\/www.latchamartcentre.ca\\\/product\\\/pa-day-art-camp-june5\\\/\",\"url\":\"https:\\\/\\\/www.latchamartcentre.ca\\\/product\\\/pa-day-art-camp-june5\\\/\",\"name\":\"PA Day Art Camp June 5 - Latcham Art Centre\",\"isPartOf\":{\"@id\":\"https:\\\/\\\/www.latchamartcentre.ca\\\/#website\"},\"primaryImageOfPage\":{\"@id\":\"https:\\\/\\\/www.latchamartcentre.ca\\\/product\\\/pa-day-art-camp-june5\\\/#primaryimage\"},\"image\":{\"@id\":\"https:\\\/\\\/www.latchamartcentre.ca\\\/product\\\/pa-day-art-camp-june5\\\/#primaryimage\"},\"thumbnailUrl\":\"https:\\\/\\\/www.latchamartcentre.ca\\\/wp-content\\\/uploads\\\/2026\\\/03\\\/P.A.-Day-Art-Camps.jpg\",\"datePublished\":\"2026-03-25T15:49:29+00:00\",\"dateModified\":\"2026-04-20T17:57:30+00:00\",\"breadcrumb\":{\"@id\":\"https:\\\/\\\/www.latchamartcentre.ca\\\/product\\\/pa-day-art-camp-june5\\\/#breadcrumb\"},\"inLanguage\":\"fr-CA\",\"potentialAction\":[{\"@type\":\"ReadAction\",\"target\":[\"https:\\\/\\\/www.latchamartcentre.ca\\\/product\\\/pa-day-art-camp-june5\\\/\"]}]},{\"@type\":\"ImageObject\",\"inLanguage\":\"fr-CA\",\"@id\":\"https:\\\/\\\/www.latchamartcentre.ca\\\/product\\\/pa-day-art-camp-june5\\\/#primaryimage\",\"url\":\"https:\\\/\\\/www.latchamartcentre.ca\\\/wp-content\\\/uploads\\\/2026\\\/03\\\/P.A.-Day-Art-Camps.jpg\",\"contentUrl\":\"https:\\\/\\\/www.latchamartcentre.ca\\\/wp-content\\\/uploads\\\/2026\\\/03\\\/P.A.-Day-Art-Camps.jpg\",\"width\":2520,\"height\":1803},{\"@type\":\"BreadcrumbList\",\"@id\":\"https:\\\/\\\/www.latchamartcentre.ca\\\/product\\\/pa-day-art-camp-june5\\\/#breadcrumb\",\"itemListElement\":[{\"@type\":\"ListItem\",\"position\":1,\"name\":\"Home\",\"item\":\"https:\\\/\\\/www.latchamartcentre.ca\\\/\"},{\"@type\":\"ListItem\",\"position\":2,\"name\":\"Programs\",\"item\":\"https:\\\/\\\/www.latchamartcentre.ca\\\/programs\\\/\"},{\"@type\":\"ListItem\",\"position\":3,\"name\":\"PA Day Art Camp June 5\"}]},{\"@type\":\"WebSite\",\"@id\":\"https:\\\/\\\/www.latchamartcentre.ca\\\/#website\",\"url\":\"https:\\\/\\\/www.latchamartcentre.ca\\\/\",\"name\":\"Latcham Art Centre\",\"description\":\"Engaging Visual &amp; Contemporary Art In Stouffville Ontario\",\"publisher\":{\"@id\":\"https:\\\/\\\/www.latchamartcentre.ca\\\/#organization\"},\"potentialAction\":[{\"@type\":\"SearchAction\",\"target\":{\"@type\":\"EntryPoint\",\"urlTemplate\":\"https:\\\/\\\/www.latchamartcentre.ca\\\/?s={search_term_string}\"},\"query-input\":{\"@type\":\"PropertyValueSpecification\",\"valueRequired\":true,\"valueName\":\"search_term_string\"}}],\"inLanguage\":\"fr-CA\"},{\"@type\":\"Organization\",\"@id\":\"https:\\\/\\\/www.latchamartcentre.ca\\\/#organization\",\"name\":\"Latcham Art Centre\",\"url\":\"https:\\\/\\\/www.latchamartcentre.ca\\\/\",\"logo\":{\"@type\":\"ImageObject\",\"inLanguage\":\"fr-CA\",\"@id\":\"https:\\\/\\\/www.latchamartcentre.ca\\\/#\\\/schema\\\/logo\\\/image\\\/\",\"url\":\"https:\\\/\\\/www.latchamartcentre.ca\\\/wp-content\\\/uploads\\\/2025\\\/09\\\/Latcham-arts-centre.webp\",\"contentUrl\":\"https:\\\/\\\/www.latchamartcentre.ca\\\/wp-content\\\/uploads\\\/2025\\\/09\\\/Latcham-arts-centre.webp\",\"width\":1535,\"height\":475,\"caption\":\"Latcham Art Centre\"},\"image\":{\"@id\":\"https:\\\/\\\/www.latchamartcentre.ca\\\/#\\\/schema\\\/logo\\\/image\\\/\"},\"sameAs\":[\"https:\\\/\\\/www.facebook.com\\\/LatchamArtCentre\\\/\",\"http:\\\/\\\/instagram.com\\\/latchamartcentre\\\/?hl=en\",\"https:\\\/\\\/www.youtube.com\\\/@latchamartcentre1301\\\/featured\"]}]}<\/script>\n<!-- \/ Yoast SEO plugin. -->","yoast_head_json":{"title":"PA Day Art Camp June 5 - Latcham Art Centre","robots":{"index":"index","follow":"follow","max-snippet":"max-snippet:-1","max-image-preview":"max-image-preview:large","max-video-preview":"max-video-preview:-1"},"canonical":"https:\/\/www.latchamartcentre.ca\/fr\/product\/pa-day-art-camp-june5\/","og_locale":"fr_CA","og_type":"article","og_title":"PA Day Art Camp June 5 - Latcham Art Centre","og_description":"Spend a day immersed in creativity in our vibrant art studio! Featuring exciting projects that explore different materials, styles, and techniques. Drop off between 8:30 AM \u2013 9 AM. Pick up between 4:00 \u2013 4:30 PM","og_url":"https:\/\/www.latchamartcentre.ca\/fr\/product\/pa-day-art-camp-june5\/","og_site_name":"Latcham Art Centre","article_publisher":"https:\/\/www.facebook.com\/LatchamArtCentre\/","article_modified_time":"2026-04-20T17:57:30+00:00","og_image":[{"width":2520,"height":1803,"url":"https:\/\/www.latchamartcentre.ca\/wp-content\/uploads\/2026\/03\/P.A.-Day-Art-Camps.jpg","type":"image\/jpeg"}],"twitter_card":"summary_large_image","twitter_misc":{"Est. reading time":"1 minute"},"schema":{"@context":"https:\/\/schema.org","@graph":[{"@type":"WebPage","@id":"https:\/\/www.latchamartcentre.ca\/product\/pa-day-art-camp-june5\/","url":"https:\/\/www.latchamartcentre.ca\/product\/pa-day-art-camp-june5\/","name":"PA Day Art Camp June 5 - Latcham Art Centre","isPartOf":{"@id":"https:\/\/www.latchamartcentre.ca\/#website"},"primaryImageOfPage":{"@id":"https:\/\/www.latchamartcentre.ca\/product\/pa-day-art-camp-june5\/#primaryimage"},"image":{"@id":"https:\/\/www.latchamartcentre.ca\/product\/pa-day-art-camp-june5\/#primaryimage"},"thumbnailUrl":"https:\/\/www.latchamartcentre.ca\/wp-content\/uploads\/2026\/03\/P.A.-Day-Art-Camps.jpg","datePublished":"2026-03-25T15:49:29+00:00","dateModified":"2026-04-20T17:57:30+00:00","breadcrumb":{"@id":"https:\/\/www.latchamartcentre.ca\/product\/pa-day-art-camp-june5\/#breadcrumb"},"inLanguage":"fr-CA","potentialAction":[{"@type":"ReadAction","target":["https:\/\/www.latchamartcentre.ca\/product\/pa-day-art-camp-june5\/"]}]},{"@type":"ImageObject","inLanguage":"fr-CA","@id":"https:\/\/www.latchamartcentre.ca\/product\/pa-day-art-camp-june5\/#primaryimage","url":"https:\/\/www.latchamartcentre.ca\/wp-content\/uploads\/2026\/03\/P.A.-Day-Art-Camps.jpg","contentUrl":"https:\/\/www.latchamartcentre.ca\/wp-content\/uploads\/2026\/03\/P.A.-Day-Art-Camps.jpg","width":2520,"height":1803},{"@type":"BreadcrumbList","@id":"https:\/\/www.latchamartcentre.ca\/product\/pa-day-art-camp-june5\/#breadcrumb","itemListElement":[{"@type":"ListItem","position":1,"name":"Home","item":"https:\/\/www.latchamartcentre.ca\/"},{"@type":"ListItem","position":2,"name":"Programs","item":"https:\/\/www.latchamartcentre.ca\/programs\/"},{"@type":"ListItem","position":3,"name":"PA Day Art Camp June 5"}]},{"@type":"WebSite","@id":"https:\/\/www.latchamartcentre.ca\/#website","url":"https:\/\/www.latchamartcentre.ca\/","name":"Centre d&#039;art de Latcham","description":"Engaging Visual &amp; Contemporary Art In Stouffville Ontario","publisher":{"@id":"https:\/\/www.latchamartcentre.ca\/#organization"},"potentialAction":[{"@type":"SearchAction","target":{"@type":"EntryPoint","urlTemplate":"https:\/\/www.latchamartcentre.ca\/?s={search_term_string}"},"query-input":{"@type":"PropertyValueSpecification","valueRequired":true,"valueName":"search_term_string"}}],"inLanguage":"fr-CA"},{"@type":"Organization","@id":"https:\/\/www.latchamartcentre.ca\/#organization","name":"Centre d&#039;art de Latcham","url":"https:\/\/www.latchamartcentre.ca\/","logo":{"@type":"ImageObject","inLanguage":"fr-CA","@id":"https:\/\/www.latchamartcentre.ca\/#\/schema\/logo\/image\/","url":"https:\/\/www.latchamartcentre.ca\/wp-content\/uploads\/2025\/09\/Latcham-arts-centre.webp","contentUrl":"https:\/\/www.latchamartcentre.ca\/wp-content\/uploads\/2025\/09\/Latcham-arts-centre.webp","width":1535,"height":475,"caption":"Latcham Art Centre"},"image":{"@id":"https:\/\/www.latchamartcentre.ca\/#\/schema\/logo\/image\/"},"sameAs":["https:\/\/www.facebook.com\/LatchamArtCentre\/","http:\/\/instagram.com\/latchamartcentre\/?hl=en","https:\/\/www.youtube.com\/@latchamartcentre1301\/featured"]}]}},"_links":{"self":[{"href":"https:\/\/www.latchamartcentre.ca\/fr\/wp-json\/wp\/v2\/product\/1833","targetHints":{"allow":["GET"]}}],"collection":[{"href":"https:\/\/www.latchamartcentre.ca\/fr\/wp-json\/wp\/v2\/product"}],"about":[{"href":"https:\/\/www.latchamartcentre.ca\/fr\/wp-json\/wp\/v2\/types\/product"}],"author":[{"embeddable":true,"href":"https:\/\/www.latchamartcentre.ca\/fr\/wp-json\/wp\/v2\/users\/2"}],"wp:featuredmedia":[{"embeddable":true,"href":"https:\/\/www.latchamartcentre.ca\/fr\/wp-json\/wp\/v2\/media\/1854"}],"wp:attachment":[{"href":"https:\/\/www.latchamartcentre.ca\/fr\/wp-json\/wp\/v2\/media?parent=1833"}],"wp:term":[{"taxonomy":"product_brand","embeddable":true,"href":"https:\/\/www.latchamartcentre.ca\/fr\/wp-json\/wp\/v2\/product_brand?post=1833"},{"taxonomy":"product_cat","embeddable":true,"href":"https:\/\/www.latchamartcentre.ca\/fr\/wp-json\/wp\/v2\/product_cat?post=1833"},{"taxonomy":"product_tag","embeddable":true,"href":"https:\/\/www.latchamartcentre.ca\/fr\/wp-json\/wp\/v2\/product_tag?post=1833"}],"curies":[{"name":"wp","href":"https:\/\/api.w.org\/{rel}","templated":true}]}}