{"id":2044,"date":"2026-04-22T14:02:32","date_gmt":"2026-04-22T18:02:32","guid":{"rendered":"https:\/\/www.latchamartcentre.ca\/?post_type=product&#038;p=2044"},"modified":"2026-04-22T14:45:03","modified_gmt":"2026-04-22T18:45:03","slug":"acrylic-plate-monoprinting-painting-workshop","status":"publish","type":"product","link":"https:\/\/www.latchamartcentre.ca\/fr\/product\/acrylic-plate-monoprinting-painting-workshop\/","title":{"rendered":"La surface hybride : Atelier de monotype et de peinture sur plaque acrylique"},"content":{"rendered":"<p>Discover what happens when printmaking and painting come together. In this hands-on studio workshop, youth will learn to create unique layered artworks by combining acrylic plate monoprinting techniques with flowing watercolour washes \u2014 building atmospheric compositions full of texture, colour, and creative energy.<\/p>\n<p>No experience needed. You will start by pulling your first monoprint using an acrylic plate, experiment with ghost prints and found texture impressions like leaves and mesh, then layer watercolour on top to create a finished work that is completely your own. Every piece comes out different \u2014 and that is exactly what makes monoprinting so fun and unique.<\/p>\n<p>Led by Deeksha Soni, a Toronto-based printmaker and art educator with a Master of Arts in Print from the Royal College of Art, London. Deeksha creates a high-energy, supportive studio environment where young artists are encouraged to experiment, take risks, and surprise themselves.<\/p>","protected":false},"excerpt":{"rendered":"<p>D\u00e9couvrez la fusion unique de la gravure et de la peinture. Dans cet atelier pratique, les jeunes apprendront \u00e0 cr\u00e9er des \u0153uvres d&#039;art originales en combinant la technique du monotype sur plaque acrylique et des lavis d&#039;aquarelle fluides, pour composer des \u0153uvres atmosph\u00e9riques riches en textures, en couleurs et en cr\u00e9ativit\u00e9. Aucune exp\u00e9rience requise.<\/p>","protected":false},"author":5,"featured_media":2045,"template":"","meta":{"_acf_changed":false},"product_brand":[],"product_cat":[42],"product_tag":[],"class_list":{"0":"post-2044","1":"product","2":"type-product","3":"status-publish","4":"has-post-thumbnail","6":"product_cat-classes-children-youth","8":"first","9":"instock","10":"taxable","11":"shipping-taxable","12":"purchasable","13":"product-type-simple"},"acf":[],"yoast_head":"<!-- This site is optimized with the Yoast SEO plugin v27.4 - https:\/\/yoast.com\/product\/yoast-seo-wordpress\/ -->\n<title>The Hybrid Surface: Acrylic Plate Monoprinting &amp; Painting Workshop - Latcham Art Centre<\/title>\n<meta name=\"robots\" content=\"index, follow, max-snippet:-1, max-image-preview:large, max-video-preview:-1\" \/>\n<link rel=\"canonical\" href=\"https:\/\/www.latchamartcentre.ca\/fr\/product\/acrylic-plate-monoprinting-painting-workshop\/\" \/>\n<meta property=\"og:locale\" content=\"fr_CA\" \/>\n<meta property=\"og:type\" content=\"article\" \/>\n<meta property=\"og:title\" content=\"The Hybrid Surface: Acrylic Plate Monoprinting &amp; Painting Workshop - Latcham Art Centre\" \/>\n<meta property=\"og:description\" content=\"Discover what happens when printmaking and painting come together. In this hands-on studio workshop, youth will learn to create unique layered artworks by combining acrylic plate monoprinting techniques with flowing watercolour washes \u2014 building atmospheric compositions full of texture, colour, and creative energy. No experience needed.\" \/>\n<meta property=\"og:url\" content=\"https:\/\/www.latchamartcentre.ca\/fr\/product\/acrylic-plate-monoprinting-painting-workshop\/\" \/>\n<meta property=\"og:site_name\" content=\"Latcham Art Centre\" \/>\n<meta property=\"article:publisher\" content=\"https:\/\/www.facebook.com\/LatchamArtCentre\/\" \/>\n<meta property=\"article:modified_time\" content=\"2026-04-22T18:45:03+00:00\" \/>\n<meta property=\"og:image\" content=\"https:\/\/www.latchamartcentre.ca\/wp-content\/uploads\/2026\/04\/IMG_9915-scaled.jpg\" \/>\n\t<meta property=\"og:image:width\" content=\"2560\" \/>\n\t<meta property=\"og:image:height\" content=\"1707\" \/>\n\t<meta property=\"og:image:type\" content=\"image\/jpeg\" \/>\n<meta name=\"twitter:card\" content=\"summary_large_image\" \/>\n<meta name=\"twitter:label1\" content=\"Est. reading time\" \/>\n\t<meta name=\"twitter:data1\" content=\"1 minute\" \/>\n<script type=\"application\/ld+json\" class=\"yoast-schema-graph\">{\"@context\":\"https:\\\/\\\/schema.org\",\"@graph\":[{\"@type\":\"WebPage\",\"@id\":\"https:\\\/\\\/www.latchamartcentre.ca\\\/product\\\/acrylic-plate-monoprinting-painting-workshop\\\/\",\"url\":\"https:\\\/\\\/www.latchamartcentre.ca\\\/product\\\/acrylic-plate-monoprinting-painting-workshop\\\/\",\"name\":\"The Hybrid Surface: Acrylic Plate Monoprinting & Painting Workshop - Latcham Art Centre\",\"isPartOf\":{\"@id\":\"https:\\\/\\\/www.latchamartcentre.ca\\\/#website\"},\"primaryImageOfPage\":{\"@id\":\"https:\\\/\\\/www.latchamartcentre.ca\\\/product\\\/acrylic-plate-monoprinting-painting-workshop\\\/#primaryimage\"},\"image\":{\"@id\":\"https:\\\/\\\/www.latchamartcentre.ca\\\/product\\\/acrylic-plate-monoprinting-painting-workshop\\\/#primaryimage\"},\"thumbnailUrl\":\"https:\\\/\\\/www.latchamartcentre.ca\\\/wp-content\\\/uploads\\\/2026\\\/04\\\/IMG_9915-scaled.jpg\",\"datePublished\":\"2026-04-22T18:02:32+00:00\",\"dateModified\":\"2026-04-22T18:45:03+00:00\",\"breadcrumb\":{\"@id\":\"https:\\\/\\\/www.latchamartcentre.ca\\\/product\\\/acrylic-plate-monoprinting-painting-workshop\\\/#breadcrumb\"},\"inLanguage\":\"fr-CA\",\"potentialAction\":[{\"@type\":\"ReadAction\",\"target\":[\"https:\\\/\\\/www.latchamartcentre.ca\\\/product\\\/acrylic-plate-monoprinting-painting-workshop\\\/\"]}]},{\"@type\":\"ImageObject\",\"inLanguage\":\"fr-CA\",\"@id\":\"https:\\\/\\\/www.latchamartcentre.ca\\\/product\\\/acrylic-plate-monoprinting-painting-workshop\\\/#primaryimage\",\"url\":\"https:\\\/\\\/www.latchamartcentre.ca\\\/wp-content\\\/uploads\\\/2026\\\/04\\\/IMG_9915-scaled.jpg\",\"contentUrl\":\"https:\\\/\\\/www.latchamartcentre.ca\\\/wp-content\\\/uploads\\\/2026\\\/04\\\/IMG_9915-scaled.jpg\",\"width\":2560,\"height\":1707},{\"@type\":\"BreadcrumbList\",\"@id\":\"https:\\\/\\\/www.latchamartcentre.ca\\\/product\\\/acrylic-plate-monoprinting-painting-workshop\\\/#breadcrumb\",\"itemListElement\":[{\"@type\":\"ListItem\",\"position\":1,\"name\":\"Home\",\"item\":\"https:\\\/\\\/www.latchamartcentre.ca\\\/\"},{\"@type\":\"ListItem\",\"position\":2,\"name\":\"Programs\",\"item\":\"https:\\\/\\\/www.latchamartcentre.ca\\\/programs\\\/\"},{\"@type\":\"ListItem\",\"position\":3,\"name\":\"The Hybrid Surface: Acrylic Plate Monoprinting &#038; Painting Workshop\"}]},{\"@type\":\"WebSite\",\"@id\":\"https:\\\/\\\/www.latchamartcentre.ca\\\/#website\",\"url\":\"https:\\\/\\\/www.latchamartcentre.ca\\\/\",\"name\":\"Latcham Art Centre\",\"description\":\"Engaging Visual &amp; Contemporary Art In Stouffville Ontario\",\"publisher\":{\"@id\":\"https:\\\/\\\/www.latchamartcentre.ca\\\/#organization\"},\"potentialAction\":[{\"@type\":\"SearchAction\",\"target\":{\"@type\":\"EntryPoint\",\"urlTemplate\":\"https:\\\/\\\/www.latchamartcentre.ca\\\/?s={search_term_string}\"},\"query-input\":{\"@type\":\"PropertyValueSpecification\",\"valueRequired\":true,\"valueName\":\"search_term_string\"}}],\"inLanguage\":\"fr-CA\"},{\"@type\":\"Organization\",\"@id\":\"https:\\\/\\\/www.latchamartcentre.ca\\\/#organization\",\"name\":\"Latcham Art Centre\",\"url\":\"https:\\\/\\\/www.latchamartcentre.ca\\\/\",\"logo\":{\"@type\":\"ImageObject\",\"inLanguage\":\"fr-CA\",\"@id\":\"https:\\\/\\\/www.latchamartcentre.ca\\\/#\\\/schema\\\/logo\\\/image\\\/\",\"url\":\"https:\\\/\\\/www.latchamartcentre.ca\\\/wp-content\\\/uploads\\\/2025\\\/09\\\/Latcham-arts-centre.webp\",\"contentUrl\":\"https:\\\/\\\/www.latchamartcentre.ca\\\/wp-content\\\/uploads\\\/2025\\\/09\\\/Latcham-arts-centre.webp\",\"width\":1535,\"height\":475,\"caption\":\"Latcham Art Centre\"},\"image\":{\"@id\":\"https:\\\/\\\/www.latchamartcentre.ca\\\/#\\\/schema\\\/logo\\\/image\\\/\"},\"sameAs\":[\"https:\\\/\\\/www.facebook.com\\\/LatchamArtCentre\\\/\",\"http:\\\/\\\/instagram.com\\\/latchamartcentre\\\/?hl=en\",\"https:\\\/\\\/www.youtube.com\\\/@latchamartcentre1301\\\/featured\"]}]}<\/script>\n<!-- \/ Yoast SEO plugin. -->","yoast_head_json":{"title":"The Hybrid Surface: Acrylic Plate Monoprinting & Painting Workshop - Latcham Art Centre","robots":{"index":"index","follow":"follow","max-snippet":"max-snippet:-1","max-image-preview":"max-image-preview:large","max-video-preview":"max-video-preview:-1"},"canonical":"https:\/\/www.latchamartcentre.ca\/fr\/product\/acrylic-plate-monoprinting-painting-workshop\/","og_locale":"fr_CA","og_type":"article","og_title":"The Hybrid Surface: Acrylic Plate Monoprinting & Painting Workshop - Latcham Art Centre","og_description":"Discover what happens when printmaking and painting come together. In this hands-on studio workshop, youth will learn to create unique layered artworks by combining acrylic plate monoprinting techniques with flowing watercolour washes \u2014 building atmospheric compositions full of texture, colour, and creative energy. No experience needed.","og_url":"https:\/\/www.latchamartcentre.ca\/fr\/product\/acrylic-plate-monoprinting-painting-workshop\/","og_site_name":"Latcham Art Centre","article_publisher":"https:\/\/www.facebook.com\/LatchamArtCentre\/","article_modified_time":"2026-04-22T18:45:03+00:00","og_image":[{"width":2560,"height":1707,"url":"https:\/\/www.latchamartcentre.ca\/wp-content\/uploads\/2026\/04\/IMG_9915-scaled.jpg","type":"image\/jpeg"}],"twitter_card":"summary_large_image","twitter_misc":{"Est. reading time":"1 minute"},"schema":{"@context":"https:\/\/schema.org","@graph":[{"@type":"WebPage","@id":"https:\/\/www.latchamartcentre.ca\/product\/acrylic-plate-monoprinting-painting-workshop\/","url":"https:\/\/www.latchamartcentre.ca\/product\/acrylic-plate-monoprinting-painting-workshop\/","name":"The Hybrid Surface: Acrylic Plate Monoprinting & Painting Workshop - Latcham Art Centre","isPartOf":{"@id":"https:\/\/www.latchamartcentre.ca\/#website"},"primaryImageOfPage":{"@id":"https:\/\/www.latchamartcentre.ca\/product\/acrylic-plate-monoprinting-painting-workshop\/#primaryimage"},"image":{"@id":"https:\/\/www.latchamartcentre.ca\/product\/acrylic-plate-monoprinting-painting-workshop\/#primaryimage"},"thumbnailUrl":"https:\/\/www.latchamartcentre.ca\/wp-content\/uploads\/2026\/04\/IMG_9915-scaled.jpg","datePublished":"2026-04-22T18:02:32+00:00","dateModified":"2026-04-22T18:45:03+00:00","breadcrumb":{"@id":"https:\/\/www.latchamartcentre.ca\/product\/acrylic-plate-monoprinting-painting-workshop\/#breadcrumb"},"inLanguage":"fr-CA","potentialAction":[{"@type":"ReadAction","target":["https:\/\/www.latchamartcentre.ca\/product\/acrylic-plate-monoprinting-painting-workshop\/"]}]},{"@type":"ImageObject","inLanguage":"fr-CA","@id":"https:\/\/www.latchamartcentre.ca\/product\/acrylic-plate-monoprinting-painting-workshop\/#primaryimage","url":"https:\/\/www.latchamartcentre.ca\/wp-content\/uploads\/2026\/04\/IMG_9915-scaled.jpg","contentUrl":"https:\/\/www.latchamartcentre.ca\/wp-content\/uploads\/2026\/04\/IMG_9915-scaled.jpg","width":2560,"height":1707},{"@type":"BreadcrumbList","@id":"https:\/\/www.latchamartcentre.ca\/product\/acrylic-plate-monoprinting-painting-workshop\/#breadcrumb","itemListElement":[{"@type":"ListItem","position":1,"name":"Home","item":"https:\/\/www.latchamartcentre.ca\/"},{"@type":"ListItem","position":2,"name":"Programs","item":"https:\/\/www.latchamartcentre.ca\/programs\/"},{"@type":"ListItem","position":3,"name":"The Hybrid Surface: Acrylic Plate Monoprinting &#038; Painting Workshop"}]},{"@type":"WebSite","@id":"https:\/\/www.latchamartcentre.ca\/#website","url":"https:\/\/www.latchamartcentre.ca\/","name":"Centre d&#039;art de Latcham","description":"Engaging Visual &amp; Contemporary Art In Stouffville Ontario","publisher":{"@id":"https:\/\/www.latchamartcentre.ca\/#organization"},"potentialAction":[{"@type":"SearchAction","target":{"@type":"EntryPoint","urlTemplate":"https:\/\/www.latchamartcentre.ca\/?s={search_term_string}"},"query-input":{"@type":"PropertyValueSpecification","valueRequired":true,"valueName":"search_term_string"}}],"inLanguage":"fr-CA"},{"@type":"Organization","@id":"https:\/\/www.latchamartcentre.ca\/#organization","name":"Centre d&#039;art de Latcham","url":"https:\/\/www.latchamartcentre.ca\/","logo":{"@type":"ImageObject","inLanguage":"fr-CA","@id":"https:\/\/www.latchamartcentre.ca\/#\/schema\/logo\/image\/","url":"https:\/\/www.latchamartcentre.ca\/wp-content\/uploads\/2025\/09\/Latcham-arts-centre.webp","contentUrl":"https:\/\/www.latchamartcentre.ca\/wp-content\/uploads\/2025\/09\/Latcham-arts-centre.webp","width":1535,"height":475,"caption":"Latcham Art Centre"},"image":{"@id":"https:\/\/www.latchamartcentre.ca\/#\/schema\/logo\/image\/"},"sameAs":["https:\/\/www.facebook.com\/LatchamArtCentre\/","http:\/\/instagram.com\/latchamartcentre\/?hl=en","https:\/\/www.youtube.com\/@latchamartcentre1301\/featured"]}]}},"_links":{"self":[{"href":"https:\/\/www.latchamartcentre.ca\/fr\/wp-json\/wp\/v2\/product\/2044","targetHints":{"allow":["GET"]}}],"collection":[{"href":"https:\/\/www.latchamartcentre.ca\/fr\/wp-json\/wp\/v2\/product"}],"about":[{"href":"https:\/\/www.latchamartcentre.ca\/fr\/wp-json\/wp\/v2\/types\/product"}],"author":[{"embeddable":true,"href":"https:\/\/www.latchamartcentre.ca\/fr\/wp-json\/wp\/v2\/users\/5"}],"wp:featuredmedia":[{"embeddable":true,"href":"https:\/\/www.latchamartcentre.ca\/fr\/wp-json\/wp\/v2\/media\/2045"}],"wp:attachment":[{"href":"https:\/\/www.latchamartcentre.ca\/fr\/wp-json\/wp\/v2\/media?parent=2044"}],"wp:term":[{"taxonomy":"product_brand","embeddable":true,"href":"https:\/\/www.latchamartcentre.ca\/fr\/wp-json\/wp\/v2\/product_brand?post=2044"},{"taxonomy":"product_cat","embeddable":true,"href":"https:\/\/www.latchamartcentre.ca\/fr\/wp-json\/wp\/v2\/product_cat?post=2044"},{"taxonomy":"product_tag","embeddable":true,"href":"https:\/\/www.latchamartcentre.ca\/fr\/wp-json\/wp\/v2\/product_tag?post=2044"}],"curies":[{"name":"wp","href":"https:\/\/api.w.org\/{rel}","templated":true}]}}