{"id":2050,"date":"2026-04-22T15:54:30","date_gmt":"2026-04-22T19:54:30","guid":{"rendered":"https:\/\/www.latchamartcentre.ca\/?post_type=product&#038;p=2050"},"modified":"2026-04-22T15:55:32","modified_gmt":"2026-04-22T19:55:32","slug":"creative-foundations-fall-2026","status":"publish","type":"product","link":"https:\/\/www.latchamartcentre.ca\/fr\/product\/creative-foundations-fall-2026\/","title":{"rendered":"Fondements cr\u00e9atifs"},"content":{"rendered":"<p><strong>Plongez votre enfant dans la cr\u00e9ativit\u00e9 !<\/strong><\/p>\n<p>Cette exp\u00e9rience immersive est le programme id\u00e9al pour initier votre enfant \u00e0 la cr\u00e9ativit\u00e9. Con\u00e7u pour les enfants de 5 \u00e0 8 ans, ce programme captivant de 11 s\u00e9ances permet aux jeunes participants de d\u00e9couvrir un univers de couleurs, de formes et d&#039;expression artistique \u00e0 travers des activit\u00e9s pratiques. Chaque projet leur permettra de gagner en confiance, de d\u00e9velopper leur cr\u00e9ativit\u00e9 et d&#039;enrichir leurs connaissances artistiques. Offrez \u00e0 votre enfant le cadeau de la cr\u00e9ativit\u00e9 et voyez-le s&#039;\u00e9panouir !<\/p>","protected":false},"excerpt":{"rendered":"<p>Cette exp\u00e9rience immersive est le programme id\u00e9al pour initier votre enfant \u00e0 la cr\u00e9ativit\u00e9. Con\u00e7u pour les enfants de 5 \u00e0 8 ans, ce programme captivant de 11 s\u00e9ances permet aux jeunes participants de d\u00e9couvrir un univers de couleurs, de formes et d&#039;expression artistique \u00e0 travers des activit\u00e9s pratiques.<\/p>","protected":false},"author":5,"featured_media":1534,"template":"","meta":{"_acf_changed":false},"product_brand":[],"product_cat":[42],"product_tag":[],"class_list":{"0":"post-2050","1":"product","2":"type-product","3":"status-publish","4":"has-post-thumbnail","6":"product_cat-classes-children-youth","8":"first","9":"instock","10":"purchasable","11":"product-type-simple"},"acf":[],"yoast_head":"<!-- This site is optimized with the Yoast SEO plugin v27.4 - https:\/\/yoast.com\/product\/yoast-seo-wordpress\/ -->\n<title>Creative Foundations - Latcham Art Centre<\/title>\n<meta name=\"robots\" content=\"index, follow, max-snippet:-1, max-image-preview:large, max-video-preview:-1\" \/>\n<link rel=\"canonical\" href=\"https:\/\/www.latchamartcentre.ca\/fr\/product\/creative-foundations-fall-2026\/\" \/>\n<meta property=\"og:locale\" content=\"fr_CA\" \/>\n<meta property=\"og:type\" content=\"article\" \/>\n<meta property=\"og:title\" content=\"Creative Foundations - Latcham Art Centre\" \/>\n<meta property=\"og:description\" content=\"This immersive experience is the perfect program for your child to begin their creative journey. Designed for students aged 5 to 8, this engaging 11\u2013session program allows young participants to discover a world of colors, shapes, and artistic expression through hands-on activities.\" \/>\n<meta property=\"og:url\" content=\"https:\/\/www.latchamartcentre.ca\/fr\/product\/creative-foundations-fall-2026\/\" \/>\n<meta property=\"og:site_name\" content=\"Latcham Art Centre\" \/>\n<meta property=\"article:publisher\" content=\"https:\/\/www.facebook.com\/LatchamArtCentre\/\" \/>\n<meta property=\"article:modified_time\" content=\"2026-04-22T19:55:32+00:00\" \/>\n<meta property=\"og:image\" content=\"https:\/\/www.latchamartcentre.ca\/wp-content\/uploads\/2026\/02\/creativefoundations.webp\" \/>\n\t<meta property=\"og:image:width\" content=\"1800\" \/>\n\t<meta property=\"og:image:height\" content=\"1200\" \/>\n\t<meta property=\"og:image:type\" content=\"image\/webp\" \/>\n<meta name=\"twitter:card\" content=\"summary_large_image\" \/>\n<meta name=\"twitter:label1\" content=\"Est. reading time\" \/>\n\t<meta name=\"twitter:data1\" content=\"1 minute\" \/>\n<script type=\"application\/ld+json\" class=\"yoast-schema-graph\">{\"@context\":\"https:\\\/\\\/schema.org\",\"@graph\":[{\"@type\":\"WebPage\",\"@id\":\"https:\\\/\\\/www.latchamartcentre.ca\\\/product\\\/creative-foundations-fall-2026\\\/\",\"url\":\"https:\\\/\\\/www.latchamartcentre.ca\\\/product\\\/creative-foundations-fall-2026\\\/\",\"name\":\"Creative Foundations - Latcham Art Centre\",\"isPartOf\":{\"@id\":\"https:\\\/\\\/www.latchamartcentre.ca\\\/#website\"},\"primaryImageOfPage\":{\"@id\":\"https:\\\/\\\/www.latchamartcentre.ca\\\/product\\\/creative-foundations-fall-2026\\\/#primaryimage\"},\"image\":{\"@id\":\"https:\\\/\\\/www.latchamartcentre.ca\\\/product\\\/creative-foundations-fall-2026\\\/#primaryimage\"},\"thumbnailUrl\":\"https:\\\/\\\/www.latchamartcentre.ca\\\/wp-content\\\/uploads\\\/2026\\\/02\\\/creativefoundations.webp\",\"datePublished\":\"2026-04-22T19:54:30+00:00\",\"dateModified\":\"2026-04-22T19:55:32+00:00\",\"breadcrumb\":{\"@id\":\"https:\\\/\\\/www.latchamartcentre.ca\\\/product\\\/creative-foundations-fall-2026\\\/#breadcrumb\"},\"inLanguage\":\"fr-CA\",\"potentialAction\":[{\"@type\":\"ReadAction\",\"target\":[\"https:\\\/\\\/www.latchamartcentre.ca\\\/product\\\/creative-foundations-fall-2026\\\/\"]}]},{\"@type\":\"ImageObject\",\"inLanguage\":\"fr-CA\",\"@id\":\"https:\\\/\\\/www.latchamartcentre.ca\\\/product\\\/creative-foundations-fall-2026\\\/#primaryimage\",\"url\":\"https:\\\/\\\/www.latchamartcentre.ca\\\/wp-content\\\/uploads\\\/2026\\\/02\\\/creativefoundations.webp\",\"contentUrl\":\"https:\\\/\\\/www.latchamartcentre.ca\\\/wp-content\\\/uploads\\\/2026\\\/02\\\/creativefoundations.webp\",\"width\":1800,\"height\":1200},{\"@type\":\"BreadcrumbList\",\"@id\":\"https:\\\/\\\/www.latchamartcentre.ca\\\/product\\\/creative-foundations-fall-2026\\\/#breadcrumb\",\"itemListElement\":[{\"@type\":\"ListItem\",\"position\":1,\"name\":\"Home\",\"item\":\"https:\\\/\\\/www.latchamartcentre.ca\\\/\"},{\"@type\":\"ListItem\",\"position\":2,\"name\":\"Programs\",\"item\":\"https:\\\/\\\/www.latchamartcentre.ca\\\/programs\\\/\"},{\"@type\":\"ListItem\",\"position\":3,\"name\":\"Creative Foundations\"}]},{\"@type\":\"WebSite\",\"@id\":\"https:\\\/\\\/www.latchamartcentre.ca\\\/#website\",\"url\":\"https:\\\/\\\/www.latchamartcentre.ca\\\/\",\"name\":\"Latcham Art Centre\",\"description\":\"Engaging Visual &amp; Contemporary Art In Stouffville Ontario\",\"publisher\":{\"@id\":\"https:\\\/\\\/www.latchamartcentre.ca\\\/#organization\"},\"potentialAction\":[{\"@type\":\"SearchAction\",\"target\":{\"@type\":\"EntryPoint\",\"urlTemplate\":\"https:\\\/\\\/www.latchamartcentre.ca\\\/?s={search_term_string}\"},\"query-input\":{\"@type\":\"PropertyValueSpecification\",\"valueRequired\":true,\"valueName\":\"search_term_string\"}}],\"inLanguage\":\"fr-CA\"},{\"@type\":\"Organization\",\"@id\":\"https:\\\/\\\/www.latchamartcentre.ca\\\/#organization\",\"name\":\"Latcham Art Centre\",\"url\":\"https:\\\/\\\/www.latchamartcentre.ca\\\/\",\"logo\":{\"@type\":\"ImageObject\",\"inLanguage\":\"fr-CA\",\"@id\":\"https:\\\/\\\/www.latchamartcentre.ca\\\/#\\\/schema\\\/logo\\\/image\\\/\",\"url\":\"https:\\\/\\\/www.latchamartcentre.ca\\\/wp-content\\\/uploads\\\/2025\\\/09\\\/Latcham-arts-centre.webp\",\"contentUrl\":\"https:\\\/\\\/www.latchamartcentre.ca\\\/wp-content\\\/uploads\\\/2025\\\/09\\\/Latcham-arts-centre.webp\",\"width\":1535,\"height\":475,\"caption\":\"Latcham Art Centre\"},\"image\":{\"@id\":\"https:\\\/\\\/www.latchamartcentre.ca\\\/#\\\/schema\\\/logo\\\/image\\\/\"},\"sameAs\":[\"https:\\\/\\\/www.facebook.com\\\/LatchamArtCentre\\\/\",\"http:\\\/\\\/instagram.com\\\/latchamartcentre\\\/?hl=en\",\"https:\\\/\\\/www.youtube.com\\\/@latchamartcentre1301\\\/featured\"]}]}<\/script>\n<!-- \/ Yoast SEO plugin. -->","yoast_head_json":{"title":"Creative Foundations - Latcham Art Centre","robots":{"index":"index","follow":"follow","max-snippet":"max-snippet:-1","max-image-preview":"max-image-preview:large","max-video-preview":"max-video-preview:-1"},"canonical":"https:\/\/www.latchamartcentre.ca\/fr\/product\/creative-foundations-fall-2026\/","og_locale":"fr_CA","og_type":"article","og_title":"Creative Foundations - Latcham Art Centre","og_description":"This immersive experience is the perfect program for your child to begin their creative journey. Designed for students aged 5 to 8, this engaging 11\u2013session program allows young participants to discover a world of colors, shapes, and artistic expression through hands-on activities.","og_url":"https:\/\/www.latchamartcentre.ca\/fr\/product\/creative-foundations-fall-2026\/","og_site_name":"Latcham Art Centre","article_publisher":"https:\/\/www.facebook.com\/LatchamArtCentre\/","article_modified_time":"2026-04-22T19:55:32+00:00","og_image":[{"width":1800,"height":1200,"url":"https:\/\/www.latchamartcentre.ca\/wp-content\/uploads\/2026\/02\/creativefoundations.webp","type":"image\/webp"}],"twitter_card":"summary_large_image","twitter_misc":{"Est. reading time":"1 minute"},"schema":{"@context":"https:\/\/schema.org","@graph":[{"@type":"WebPage","@id":"https:\/\/www.latchamartcentre.ca\/product\/creative-foundations-fall-2026\/","url":"https:\/\/www.latchamartcentre.ca\/product\/creative-foundations-fall-2026\/","name":"Creative Foundations - Latcham Art Centre","isPartOf":{"@id":"https:\/\/www.latchamartcentre.ca\/#website"},"primaryImageOfPage":{"@id":"https:\/\/www.latchamartcentre.ca\/product\/creative-foundations-fall-2026\/#primaryimage"},"image":{"@id":"https:\/\/www.latchamartcentre.ca\/product\/creative-foundations-fall-2026\/#primaryimage"},"thumbnailUrl":"https:\/\/www.latchamartcentre.ca\/wp-content\/uploads\/2026\/02\/creativefoundations.webp","datePublished":"2026-04-22T19:54:30+00:00","dateModified":"2026-04-22T19:55:32+00:00","breadcrumb":{"@id":"https:\/\/www.latchamartcentre.ca\/product\/creative-foundations-fall-2026\/#breadcrumb"},"inLanguage":"fr-CA","potentialAction":[{"@type":"ReadAction","target":["https:\/\/www.latchamartcentre.ca\/product\/creative-foundations-fall-2026\/"]}]},{"@type":"ImageObject","inLanguage":"fr-CA","@id":"https:\/\/www.latchamartcentre.ca\/product\/creative-foundations-fall-2026\/#primaryimage","url":"https:\/\/www.latchamartcentre.ca\/wp-content\/uploads\/2026\/02\/creativefoundations.webp","contentUrl":"https:\/\/www.latchamartcentre.ca\/wp-content\/uploads\/2026\/02\/creativefoundations.webp","width":1800,"height":1200},{"@type":"BreadcrumbList","@id":"https:\/\/www.latchamartcentre.ca\/product\/creative-foundations-fall-2026\/#breadcrumb","itemListElement":[{"@type":"ListItem","position":1,"name":"Home","item":"https:\/\/www.latchamartcentre.ca\/"},{"@type":"ListItem","position":2,"name":"Programs","item":"https:\/\/www.latchamartcentre.ca\/programs\/"},{"@type":"ListItem","position":3,"name":"Creative Foundations"}]},{"@type":"WebSite","@id":"https:\/\/www.latchamartcentre.ca\/#website","url":"https:\/\/www.latchamartcentre.ca\/","name":"Centre d&#039;art de Latcham","description":"Engaging Visual &amp; Contemporary Art In Stouffville Ontario","publisher":{"@id":"https:\/\/www.latchamartcentre.ca\/#organization"},"potentialAction":[{"@type":"SearchAction","target":{"@type":"EntryPoint","urlTemplate":"https:\/\/www.latchamartcentre.ca\/?s={search_term_string}"},"query-input":{"@type":"PropertyValueSpecification","valueRequired":true,"valueName":"search_term_string"}}],"inLanguage":"fr-CA"},{"@type":"Organization","@id":"https:\/\/www.latchamartcentre.ca\/#organization","name":"Centre d&#039;art de Latcham","url":"https:\/\/www.latchamartcentre.ca\/","logo":{"@type":"ImageObject","inLanguage":"fr-CA","@id":"https:\/\/www.latchamartcentre.ca\/#\/schema\/logo\/image\/","url":"https:\/\/www.latchamartcentre.ca\/wp-content\/uploads\/2025\/09\/Latcham-arts-centre.webp","contentUrl":"https:\/\/www.latchamartcentre.ca\/wp-content\/uploads\/2025\/09\/Latcham-arts-centre.webp","width":1535,"height":475,"caption":"Latcham Art Centre"},"image":{"@id":"https:\/\/www.latchamartcentre.ca\/#\/schema\/logo\/image\/"},"sameAs":["https:\/\/www.facebook.com\/LatchamArtCentre\/","http:\/\/instagram.com\/latchamartcentre\/?hl=en","https:\/\/www.youtube.com\/@latchamartcentre1301\/featured"]}]}},"_links":{"self":[{"href":"https:\/\/www.latchamartcentre.ca\/fr\/wp-json\/wp\/v2\/product\/2050","targetHints":{"allow":["GET"]}}],"collection":[{"href":"https:\/\/www.latchamartcentre.ca\/fr\/wp-json\/wp\/v2\/product"}],"about":[{"href":"https:\/\/www.latchamartcentre.ca\/fr\/wp-json\/wp\/v2\/types\/product"}],"author":[{"embeddable":true,"href":"https:\/\/www.latchamartcentre.ca\/fr\/wp-json\/wp\/v2\/users\/5"}],"wp:featuredmedia":[{"embeddable":true,"href":"https:\/\/www.latchamartcentre.ca\/fr\/wp-json\/wp\/v2\/media\/1534"}],"wp:attachment":[{"href":"https:\/\/www.latchamartcentre.ca\/fr\/wp-json\/wp\/v2\/media?parent=2050"}],"wp:term":[{"taxonomy":"product_brand","embeddable":true,"href":"https:\/\/www.latchamartcentre.ca\/fr\/wp-json\/wp\/v2\/product_brand?post=2050"},{"taxonomy":"product_cat","embeddable":true,"href":"https:\/\/www.latchamartcentre.ca\/fr\/wp-json\/wp\/v2\/product_cat?post=2050"},{"taxonomy":"product_tag","embeddable":true,"href":"https:\/\/www.latchamartcentre.ca\/fr\/wp-json\/wp\/v2\/product_tag?post=2050"}],"curies":[{"name":"wp","href":"https:\/\/api.w.org\/{rel}","templated":true}]}}