{"id":2052,"date":"2026-04-22T16:22:30","date_gmt":"2026-04-22T20:22:30","guid":{"rendered":"https:\/\/www.latchamartcentre.ca\/?post_type=product&#038;p=2052"},"modified":"2026-04-22T16:22:30","modified_gmt":"2026-04-22T20:22:30","slug":"creative-beginners-fall-2026","status":"publish","type":"product","link":"https:\/\/www.latchamartcentre.ca\/fr\/product\/creative-beginners-fall-2026\/","title":{"rendered":"D\u00e9butants cr\u00e9atifs"},"content":{"rendered":"<p><strong>\u00c9veillez la passion artistique de votre enfant !<\/strong><\/p>\n<p><span class=\"TextRun SCXW191726441 BCX8\" lang=\"EN-CA\" xml:lang=\"EN-CA\" data-contrast=\"auto\"><span class=\"NormalTextRun SCXW191726441 BCX8\">Avis aux jeunes artistes en herbe de 9 \u00e0 11 ans ! Pr\u00e9parez-vous \u00e0 franchir une nouvelle \u00e9tape dans votre parcours artistique. Con\u00e7u pour stimuler et inspirer les jeunes participants, ce programme<\/span> 10<span class=\"NormalTextRun SCXW191726441 BCX8\">-session<\/span>\u00a0<span class=\"NormalTextRun SCXW191726441 BCX8\">Ce programme les encourage \u00e0 prendre des risques cr\u00e9atifs et \u00e0 explorer un monde de possibilit\u00e9s artistiques. Nous explorerons une vari\u00e9t\u00e9 de supports et de techniques, permettant \u00e0 votre enfant de lib\u00e9rer son imagination et de cr\u00e9er des \u0153uvres d&#039;art exceptionnelles. Inscrivez-vous d\u00e8s aujourd&#039;hui \u00e0 \u00ab\u00a0D\u00e9butants cr\u00e9atifs\u00a0\u00bb et r\u00e9v\u00e9lez tout le potentiel de leur esprit cr\u00e9atif\u00a0!<\/span><\/span><span class=\"EOP SCXW191726441 BCX8\" data-ccp-props=\"{&quot;201341983&quot;:0,&quot;335559739&quot;:160,&quot;335559740&quot;:259}\">\u00a0<\/span><\/p>","protected":false},"excerpt":{"rendered":"<p><span class=\"TextRun SCXW191726441 BCX8\" lang=\"EN-CA\" xml:lang=\"EN-CA\" data-contrast=\"auto\"><span class=\"NormalTextRun SCXW191726441 BCX8\">Avis aux jeunes artistes en herbe de 9 \u00e0 11 ans ! Pr\u00e9parez-vous \u00e0 franchir une nouvelle \u00e9tape dans votre parcours artistique. Con\u00e7u pour stimuler et inspirer les jeunes participants, ce programme<\/span> 10<span class=\"NormalTextRun SCXW191726441 BCX8\">-session<\/span>\u00a0<span class=\"NormalTextRun SCXW191726441 BCX8\">program encourages them to embrace creative risks and explore a world of artistic possibilities.<\/span><\/span><\/p>","protected":false},"author":5,"featured_media":2053,"template":"","meta":{"_acf_changed":false},"product_brand":[],"product_cat":[42],"product_tag":[],"class_list":{"0":"post-2052","1":"product","2":"type-product","3":"status-publish","4":"has-post-thumbnail","6":"product_cat-classes-children-youth","8":"first","9":"instock","10":"purchasable","11":"product-type-simple"},"acf":[],"yoast_head":"<!-- This site is optimized with the Yoast SEO plugin v27.5 - https:\/\/yoast.com\/product\/yoast-seo-wordpress\/ -->\n<title>Creative Beginners - Latcham Art Centre<\/title>\n<meta name=\"robots\" content=\"index, follow, max-snippet:-1, max-image-preview:large, max-video-preview:-1\" \/>\n<link rel=\"canonical\" href=\"https:\/\/www.latchamartcentre.ca\/fr\/product\/creative-beginners-fall-2026\/\" \/>\n<meta property=\"og:locale\" content=\"fr_CA\" \/>\n<meta property=\"og:type\" content=\"article\" \/>\n<meta property=\"og:title\" content=\"Creative Beginners - Latcham Art Centre\" \/>\n<meta property=\"og:description\" content=\"Calling all aspiring young artists aged 9 to 11! Get ready to take your artistic journey to the next level. Designed to challenge and inspire young participants, this 10-session\u00a0program encourages them to embrace creative risks and explore a world of artistic possibilities.\" \/>\n<meta property=\"og:url\" content=\"https:\/\/www.latchamartcentre.ca\/fr\/product\/creative-beginners-fall-2026\/\" \/>\n<meta property=\"og:site_name\" content=\"Latcham Art Centre\" \/>\n<meta property=\"article:publisher\" content=\"https:\/\/www.facebook.com\/LatchamArtCentre\/\" \/>\n<meta property=\"og:image\" content=\"https:\/\/www.latchamartcentre.ca\/wp-content\/uploads\/2026\/04\/IMG_9797-scaled.jpg\" \/>\n\t<meta property=\"og:image:width\" content=\"2560\" \/>\n\t<meta property=\"og:image:height\" content=\"1707\" \/>\n\t<meta property=\"og:image:type\" content=\"image\/jpeg\" \/>\n<meta name=\"twitter:card\" content=\"summary_large_image\" \/>\n<meta name=\"twitter:label1\" content=\"Est. reading time\" \/>\n\t<meta name=\"twitter:data1\" content=\"1 minute\" \/>\n<script type=\"application\/ld+json\" class=\"yoast-schema-graph\">{\"@context\":\"https:\\\/\\\/schema.org\",\"@graph\":[{\"@type\":\"WebPage\",\"@id\":\"https:\\\/\\\/www.latchamartcentre.ca\\\/product\\\/creative-beginners-fall-2026\\\/\",\"url\":\"https:\\\/\\\/www.latchamartcentre.ca\\\/product\\\/creative-beginners-fall-2026\\\/\",\"name\":\"Creative Beginners - Latcham Art Centre\",\"isPartOf\":{\"@id\":\"https:\\\/\\\/www.latchamartcentre.ca\\\/#website\"},\"primaryImageOfPage\":{\"@id\":\"https:\\\/\\\/www.latchamartcentre.ca\\\/product\\\/creative-beginners-fall-2026\\\/#primaryimage\"},\"image\":{\"@id\":\"https:\\\/\\\/www.latchamartcentre.ca\\\/product\\\/creative-beginners-fall-2026\\\/#primaryimage\"},\"thumbnailUrl\":\"https:\\\/\\\/www.latchamartcentre.ca\\\/wp-content\\\/uploads\\\/2026\\\/04\\\/IMG_9797-scaled.jpg\",\"datePublished\":\"2026-04-22T20:22:30+00:00\",\"breadcrumb\":{\"@id\":\"https:\\\/\\\/www.latchamartcentre.ca\\\/product\\\/creative-beginners-fall-2026\\\/#breadcrumb\"},\"inLanguage\":\"fr-CA\",\"potentialAction\":[{\"@type\":\"ReadAction\",\"target\":[\"https:\\\/\\\/www.latchamartcentre.ca\\\/product\\\/creative-beginners-fall-2026\\\/\"]}]},{\"@type\":\"ImageObject\",\"inLanguage\":\"fr-CA\",\"@id\":\"https:\\\/\\\/www.latchamartcentre.ca\\\/product\\\/creative-beginners-fall-2026\\\/#primaryimage\",\"url\":\"https:\\\/\\\/www.latchamartcentre.ca\\\/wp-content\\\/uploads\\\/2026\\\/04\\\/IMG_9797-scaled.jpg\",\"contentUrl\":\"https:\\\/\\\/www.latchamartcentre.ca\\\/wp-content\\\/uploads\\\/2026\\\/04\\\/IMG_9797-scaled.jpg\",\"width\":2560,\"height\":1707},{\"@type\":\"BreadcrumbList\",\"@id\":\"https:\\\/\\\/www.latchamartcentre.ca\\\/product\\\/creative-beginners-fall-2026\\\/#breadcrumb\",\"itemListElement\":[{\"@type\":\"ListItem\",\"position\":1,\"name\":\"Home\",\"item\":\"https:\\\/\\\/www.latchamartcentre.ca\\\/\"},{\"@type\":\"ListItem\",\"position\":2,\"name\":\"Programs\",\"item\":\"https:\\\/\\\/www.latchamartcentre.ca\\\/programs\\\/\"},{\"@type\":\"ListItem\",\"position\":3,\"name\":\"Creative Beginners\"}]},{\"@type\":\"WebSite\",\"@id\":\"https:\\\/\\\/www.latchamartcentre.ca\\\/#website\",\"url\":\"https:\\\/\\\/www.latchamartcentre.ca\\\/\",\"name\":\"Latcham Art Centre\",\"description\":\"Engaging Visual &amp; Contemporary Art In Stouffville Ontario\",\"publisher\":{\"@id\":\"https:\\\/\\\/www.latchamartcentre.ca\\\/#organization\"},\"potentialAction\":[{\"@type\":\"SearchAction\",\"target\":{\"@type\":\"EntryPoint\",\"urlTemplate\":\"https:\\\/\\\/www.latchamartcentre.ca\\\/?s={search_term_string}\"},\"query-input\":{\"@type\":\"PropertyValueSpecification\",\"valueRequired\":true,\"valueName\":\"search_term_string\"}}],\"inLanguage\":\"fr-CA\"},{\"@type\":\"Organization\",\"@id\":\"https:\\\/\\\/www.latchamartcentre.ca\\\/#organization\",\"name\":\"Latcham Art Centre\",\"url\":\"https:\\\/\\\/www.latchamartcentre.ca\\\/\",\"logo\":{\"@type\":\"ImageObject\",\"inLanguage\":\"fr-CA\",\"@id\":\"https:\\\/\\\/www.latchamartcentre.ca\\\/#\\\/schema\\\/logo\\\/image\\\/\",\"url\":\"https:\\\/\\\/www.latchamartcentre.ca\\\/wp-content\\\/uploads\\\/2025\\\/09\\\/Latcham-arts-centre.webp\",\"contentUrl\":\"https:\\\/\\\/www.latchamartcentre.ca\\\/wp-content\\\/uploads\\\/2025\\\/09\\\/Latcham-arts-centre.webp\",\"width\":1535,\"height\":475,\"caption\":\"Latcham Art Centre\"},\"image\":{\"@id\":\"https:\\\/\\\/www.latchamartcentre.ca\\\/#\\\/schema\\\/logo\\\/image\\\/\"},\"sameAs\":[\"https:\\\/\\\/www.facebook.com\\\/LatchamArtCentre\\\/\",\"http:\\\/\\\/instagram.com\\\/latchamartcentre\\\/?hl=en\",\"https:\\\/\\\/www.youtube.com\\\/@latchamartcentre1301\\\/featured\"]}]}<\/script>\n<!-- \/ Yoast SEO plugin. -->","yoast_head_json":{"title":"Creative Beginners - Latcham Art Centre","robots":{"index":"index","follow":"follow","max-snippet":"max-snippet:-1","max-image-preview":"max-image-preview:large","max-video-preview":"max-video-preview:-1"},"canonical":"https:\/\/www.latchamartcentre.ca\/fr\/product\/creative-beginners-fall-2026\/","og_locale":"fr_CA","og_type":"article","og_title":"Creative Beginners - Latcham Art Centre","og_description":"Calling all aspiring young artists aged 9 to 11! Get ready to take your artistic journey to the next level. Designed to challenge and inspire young participants, this 10-session\u00a0program encourages them to embrace creative risks and explore a world of artistic possibilities.","og_url":"https:\/\/www.latchamartcentre.ca\/fr\/product\/creative-beginners-fall-2026\/","og_site_name":"Latcham Art Centre","article_publisher":"https:\/\/www.facebook.com\/LatchamArtCentre\/","og_image":[{"width":2560,"height":1707,"url":"https:\/\/www.latchamartcentre.ca\/wp-content\/uploads\/2026\/04\/IMG_9797-scaled.jpg","type":"image\/jpeg"}],"twitter_card":"summary_large_image","twitter_misc":{"Est. reading time":"1 minute"},"schema":{"@context":"https:\/\/schema.org","@graph":[{"@type":"WebPage","@id":"https:\/\/www.latchamartcentre.ca\/product\/creative-beginners-fall-2026\/","url":"https:\/\/www.latchamartcentre.ca\/product\/creative-beginners-fall-2026\/","name":"Creative Beginners - Latcham Art Centre","isPartOf":{"@id":"https:\/\/www.latchamartcentre.ca\/#website"},"primaryImageOfPage":{"@id":"https:\/\/www.latchamartcentre.ca\/product\/creative-beginners-fall-2026\/#primaryimage"},"image":{"@id":"https:\/\/www.latchamartcentre.ca\/product\/creative-beginners-fall-2026\/#primaryimage"},"thumbnailUrl":"https:\/\/www.latchamartcentre.ca\/wp-content\/uploads\/2026\/04\/IMG_9797-scaled.jpg","datePublished":"2026-04-22T20:22:30+00:00","breadcrumb":{"@id":"https:\/\/www.latchamartcentre.ca\/product\/creative-beginners-fall-2026\/#breadcrumb"},"inLanguage":"fr-CA","potentialAction":[{"@type":"ReadAction","target":["https:\/\/www.latchamartcentre.ca\/product\/creative-beginners-fall-2026\/"]}]},{"@type":"ImageObject","inLanguage":"fr-CA","@id":"https:\/\/www.latchamartcentre.ca\/product\/creative-beginners-fall-2026\/#primaryimage","url":"https:\/\/www.latchamartcentre.ca\/wp-content\/uploads\/2026\/04\/IMG_9797-scaled.jpg","contentUrl":"https:\/\/www.latchamartcentre.ca\/wp-content\/uploads\/2026\/04\/IMG_9797-scaled.jpg","width":2560,"height":1707},{"@type":"BreadcrumbList","@id":"https:\/\/www.latchamartcentre.ca\/product\/creative-beginners-fall-2026\/#breadcrumb","itemListElement":[{"@type":"ListItem","position":1,"name":"Home","item":"https:\/\/www.latchamartcentre.ca\/"},{"@type":"ListItem","position":2,"name":"Programs","item":"https:\/\/www.latchamartcentre.ca\/programs\/"},{"@type":"ListItem","position":3,"name":"Creative Beginners"}]},{"@type":"WebSite","@id":"https:\/\/www.latchamartcentre.ca\/#website","url":"https:\/\/www.latchamartcentre.ca\/","name":"Centre d&#039;art de Latcham","description":"Engaging Visual &amp; Contemporary Art In Stouffville Ontario","publisher":{"@id":"https:\/\/www.latchamartcentre.ca\/#organization"},"potentialAction":[{"@type":"SearchAction","target":{"@type":"EntryPoint","urlTemplate":"https:\/\/www.latchamartcentre.ca\/?s={search_term_string}"},"query-input":{"@type":"PropertyValueSpecification","valueRequired":true,"valueName":"search_term_string"}}],"inLanguage":"fr-CA"},{"@type":"Organization","@id":"https:\/\/www.latchamartcentre.ca\/#organization","name":"Centre d&#039;art de Latcham","url":"https:\/\/www.latchamartcentre.ca\/","logo":{"@type":"ImageObject","inLanguage":"fr-CA","@id":"https:\/\/www.latchamartcentre.ca\/#\/schema\/logo\/image\/","url":"https:\/\/www.latchamartcentre.ca\/wp-content\/uploads\/2025\/09\/Latcham-arts-centre.webp","contentUrl":"https:\/\/www.latchamartcentre.ca\/wp-content\/uploads\/2025\/09\/Latcham-arts-centre.webp","width":1535,"height":475,"caption":"Latcham Art Centre"},"image":{"@id":"https:\/\/www.latchamartcentre.ca\/#\/schema\/logo\/image\/"},"sameAs":["https:\/\/www.facebook.com\/LatchamArtCentre\/","http:\/\/instagram.com\/latchamartcentre\/?hl=en","https:\/\/www.youtube.com\/@latchamartcentre1301\/featured"]}]}},"_links":{"self":[{"href":"https:\/\/www.latchamartcentre.ca\/fr\/wp-json\/wp\/v2\/product\/2052","targetHints":{"allow":["GET"]}}],"collection":[{"href":"https:\/\/www.latchamartcentre.ca\/fr\/wp-json\/wp\/v2\/product"}],"about":[{"href":"https:\/\/www.latchamartcentre.ca\/fr\/wp-json\/wp\/v2\/types\/product"}],"author":[{"embeddable":true,"href":"https:\/\/www.latchamartcentre.ca\/fr\/wp-json\/wp\/v2\/users\/5"}],"wp:featuredmedia":[{"embeddable":true,"href":"https:\/\/www.latchamartcentre.ca\/fr\/wp-json\/wp\/v2\/media\/2053"}],"wp:attachment":[{"href":"https:\/\/www.latchamartcentre.ca\/fr\/wp-json\/wp\/v2\/media?parent=2052"}],"wp:term":[{"taxonomy":"product_brand","embeddable":true,"href":"https:\/\/www.latchamartcentre.ca\/fr\/wp-json\/wp\/v2\/product_brand?post=2052"},{"taxonomy":"product_cat","embeddable":true,"href":"https:\/\/www.latchamartcentre.ca\/fr\/wp-json\/wp\/v2\/product_cat?post=2052"},{"taxonomy":"product_tag","embeddable":true,"href":"https:\/\/www.latchamartcentre.ca\/fr\/wp-json\/wp\/v2\/product_tag?post=2052"}],"curies":[{"name":"wp","href":"https:\/\/api.w.org\/{rel}","templated":true}]}}