{"id":2054,"date":"2026-04-22T16:37:47","date_gmt":"2026-04-22T20:37:47","guid":{"rendered":"https:\/\/www.latchamartcentre.ca\/?post_type=product&#038;p=2054"},"modified":"2026-04-22T16:39:09","modified_gmt":"2026-04-22T20:39:09","slug":"acrylic-painting-for-beginners-fall-2026","status":"publish","type":"product","link":"https:\/\/www.latchamartcentre.ca\/fr\/product\/acrylic-painting-for-beginners-fall-2026\/","title":{"rendered":"Peinture acrylique pour d\u00e9butants"},"content":{"rendered":"<p>Ce programme d&#039;initiation en 6 s\u00e9ances vous permettra de d\u00e9couvrir la beaut\u00e9 de la peinture acrylique et d&#039;acqu\u00e9rir une solide compr\u00e9hension des valeurs, des m\u00e9langes de couleurs de base et des techniques de coup de pinceau. Vous r\u00e9aliserez ainsi une \u0153uvre finie\u00a0! Ces s\u00e9ances sont id\u00e9ales pour les personnes n&#039;ayant aucune ou peu d&#039;exp\u00e9rience en peinture acrylique et sont anim\u00e9es par un artiste-enseignant professionnel. Aucune exp\u00e9rience n&#039;est requise\u00a0; tout le mat\u00e9riel est fourni.<\/p>","protected":false},"excerpt":{"rendered":"<p>Ce programme d&#039;initiation en 6 s\u00e9ances vous permettra de d\u00e9couvrir la beaut\u00e9 de la peinture acrylique et d&#039;acqu\u00e9rir une solide compr\u00e9hension des valeurs, des m\u00e9langes de couleurs de base et des techniques de coup de pinceau. Vous r\u00e9aliserez ainsi une \u0153uvre finie\u00a0! Ces s\u00e9ances sont id\u00e9ales pour les personnes n&#039;ayant aucune ou peu d&#039;exp\u00e9rience en peinture acrylique et sont anim\u00e9es par un artiste-enseignant professionnel. Aucune exp\u00e9rience n&#039;est requise\u00a0; tout le mat\u00e9riel est fourni.<\/p>","protected":false},"author":5,"featured_media":2055,"template":"","meta":{"_acf_changed":false},"product_brand":[],"product_cat":[40],"product_tag":[],"class_list":{"0":"post-2054","1":"product","2":"type-product","3":"status-publish","4":"has-post-thumbnail","6":"product_cat-classes_adults","8":"first","9":"instock","10":"virtual","11":"taxable","12":"purchasable","13":"product-type-simple"},"acf":[],"yoast_head":"<!-- This site is optimized with the Yoast SEO plugin v27.4 - https:\/\/yoast.com\/product\/yoast-seo-wordpress\/ -->\n<title>Acrylic Painting for Beginners - Latcham Art Centre<\/title>\n<meta name=\"robots\" content=\"index, follow, max-snippet:-1, max-image-preview:large, max-video-preview:-1\" \/>\n<link rel=\"canonical\" href=\"https:\/\/www.latchamartcentre.ca\/fr\/product\/acrylic-painting-for-beginners-fall-2026\/\" \/>\n<meta property=\"og:locale\" content=\"fr_CA\" \/>\n<meta property=\"og:type\" content=\"article\" \/>\n<meta property=\"og:title\" content=\"Acrylic Painting for Beginners - Latcham Art Centre\" \/>\n<meta property=\"og:description\" content=\"In this 6-session beginner program, participants will explore the beautiful media of acrylic paint, gaining a solid understanding of values, basic colour mixing and brushstroke techniques culminating in a finished painting! These sessions are perfect for someone who has little to no experience with acrylic painting and are led by a professional artist educator. No experience is necessary; all materials are provided.\" \/>\n<meta property=\"og:url\" content=\"https:\/\/www.latchamartcentre.ca\/fr\/product\/acrylic-painting-for-beginners-fall-2026\/\" \/>\n<meta property=\"og:site_name\" content=\"Latcham Art Centre\" \/>\n<meta property=\"article:publisher\" content=\"https:\/\/www.facebook.com\/LatchamArtCentre\/\" \/>\n<meta property=\"article:modified_time\" content=\"2026-04-22T20:39:09+00:00\" \/>\n<meta property=\"og:image\" content=\"https:\/\/www.latchamartcentre.ca\/wp-content\/uploads\/2026\/04\/IMG_8689-2-scaled.jpg\" \/>\n\t<meta property=\"og:image:width\" content=\"1707\" \/>\n\t<meta property=\"og:image:height\" content=\"2560\" \/>\n\t<meta property=\"og:image:type\" content=\"image\/jpeg\" \/>\n<meta name=\"twitter:card\" content=\"summary_large_image\" \/>\n<meta name=\"twitter:label1\" content=\"Est. reading time\" \/>\n\t<meta name=\"twitter:data1\" content=\"1 minute\" \/>\n<script type=\"application\/ld+json\" class=\"yoast-schema-graph\">{\"@context\":\"https:\\\/\\\/schema.org\",\"@graph\":[{\"@type\":\"WebPage\",\"@id\":\"https:\\\/\\\/www.latchamartcentre.ca\\\/product\\\/acrylic-painting-for-beginners-fall-2026\\\/\",\"url\":\"https:\\\/\\\/www.latchamartcentre.ca\\\/product\\\/acrylic-painting-for-beginners-fall-2026\\\/\",\"name\":\"Acrylic Painting for Beginners - Latcham Art Centre\",\"isPartOf\":{\"@id\":\"https:\\\/\\\/www.latchamartcentre.ca\\\/#website\"},\"primaryImageOfPage\":{\"@id\":\"https:\\\/\\\/www.latchamartcentre.ca\\\/product\\\/acrylic-painting-for-beginners-fall-2026\\\/#primaryimage\"},\"image\":{\"@id\":\"https:\\\/\\\/www.latchamartcentre.ca\\\/product\\\/acrylic-painting-for-beginners-fall-2026\\\/#primaryimage\"},\"thumbnailUrl\":\"https:\\\/\\\/www.latchamartcentre.ca\\\/wp-content\\\/uploads\\\/2026\\\/04\\\/IMG_8689-2-scaled.jpg\",\"datePublished\":\"2026-04-22T20:37:47+00:00\",\"dateModified\":\"2026-04-22T20:39:09+00:00\",\"breadcrumb\":{\"@id\":\"https:\\\/\\\/www.latchamartcentre.ca\\\/product\\\/acrylic-painting-for-beginners-fall-2026\\\/#breadcrumb\"},\"inLanguage\":\"fr-CA\",\"potentialAction\":[{\"@type\":\"ReadAction\",\"target\":[\"https:\\\/\\\/www.latchamartcentre.ca\\\/product\\\/acrylic-painting-for-beginners-fall-2026\\\/\"]}]},{\"@type\":\"ImageObject\",\"inLanguage\":\"fr-CA\",\"@id\":\"https:\\\/\\\/www.latchamartcentre.ca\\\/product\\\/acrylic-painting-for-beginners-fall-2026\\\/#primaryimage\",\"url\":\"https:\\\/\\\/www.latchamartcentre.ca\\\/wp-content\\\/uploads\\\/2026\\\/04\\\/IMG_8689-2-scaled.jpg\",\"contentUrl\":\"https:\\\/\\\/www.latchamartcentre.ca\\\/wp-content\\\/uploads\\\/2026\\\/04\\\/IMG_8689-2-scaled.jpg\",\"width\":1707,\"height\":2560},{\"@type\":\"BreadcrumbList\",\"@id\":\"https:\\\/\\\/www.latchamartcentre.ca\\\/product\\\/acrylic-painting-for-beginners-fall-2026\\\/#breadcrumb\",\"itemListElement\":[{\"@type\":\"ListItem\",\"position\":1,\"name\":\"Home\",\"item\":\"https:\\\/\\\/www.latchamartcentre.ca\\\/\"},{\"@type\":\"ListItem\",\"position\":2,\"name\":\"Programs\",\"item\":\"https:\\\/\\\/www.latchamartcentre.ca\\\/programs\\\/\"},{\"@type\":\"ListItem\",\"position\":3,\"name\":\"Acrylic Painting for Beginners\"}]},{\"@type\":\"WebSite\",\"@id\":\"https:\\\/\\\/www.latchamartcentre.ca\\\/#website\",\"url\":\"https:\\\/\\\/www.latchamartcentre.ca\\\/\",\"name\":\"Latcham Art Centre\",\"description\":\"Engaging Visual &amp; Contemporary Art In Stouffville Ontario\",\"publisher\":{\"@id\":\"https:\\\/\\\/www.latchamartcentre.ca\\\/#organization\"},\"potentialAction\":[{\"@type\":\"SearchAction\",\"target\":{\"@type\":\"EntryPoint\",\"urlTemplate\":\"https:\\\/\\\/www.latchamartcentre.ca\\\/?s={search_term_string}\"},\"query-input\":{\"@type\":\"PropertyValueSpecification\",\"valueRequired\":true,\"valueName\":\"search_term_string\"}}],\"inLanguage\":\"fr-CA\"},{\"@type\":\"Organization\",\"@id\":\"https:\\\/\\\/www.latchamartcentre.ca\\\/#organization\",\"name\":\"Latcham Art Centre\",\"url\":\"https:\\\/\\\/www.latchamartcentre.ca\\\/\",\"logo\":{\"@type\":\"ImageObject\",\"inLanguage\":\"fr-CA\",\"@id\":\"https:\\\/\\\/www.latchamartcentre.ca\\\/#\\\/schema\\\/logo\\\/image\\\/\",\"url\":\"https:\\\/\\\/www.latchamartcentre.ca\\\/wp-content\\\/uploads\\\/2025\\\/09\\\/Latcham-arts-centre.webp\",\"contentUrl\":\"https:\\\/\\\/www.latchamartcentre.ca\\\/wp-content\\\/uploads\\\/2025\\\/09\\\/Latcham-arts-centre.webp\",\"width\":1535,\"height\":475,\"caption\":\"Latcham Art Centre\"},\"image\":{\"@id\":\"https:\\\/\\\/www.latchamartcentre.ca\\\/#\\\/schema\\\/logo\\\/image\\\/\"},\"sameAs\":[\"https:\\\/\\\/www.facebook.com\\\/LatchamArtCentre\\\/\",\"http:\\\/\\\/instagram.com\\\/latchamartcentre\\\/?hl=en\",\"https:\\\/\\\/www.youtube.com\\\/@latchamartcentre1301\\\/featured\"]}]}<\/script>\n<!-- \/ Yoast SEO plugin. -->","yoast_head_json":{"title":"Acrylic Painting for Beginners - Latcham Art Centre","robots":{"index":"index","follow":"follow","max-snippet":"max-snippet:-1","max-image-preview":"max-image-preview:large","max-video-preview":"max-video-preview:-1"},"canonical":"https:\/\/www.latchamartcentre.ca\/fr\/product\/acrylic-painting-for-beginners-fall-2026\/","og_locale":"fr_CA","og_type":"article","og_title":"Acrylic Painting for Beginners - Latcham Art Centre","og_description":"In this 6-session beginner program, participants will explore the beautiful media of acrylic paint, gaining a solid understanding of values, basic colour mixing and brushstroke techniques culminating in a finished painting! These sessions are perfect for someone who has little to no experience with acrylic painting and are led by a professional artist educator. No experience is necessary; all materials are provided.","og_url":"https:\/\/www.latchamartcentre.ca\/fr\/product\/acrylic-painting-for-beginners-fall-2026\/","og_site_name":"Latcham Art Centre","article_publisher":"https:\/\/www.facebook.com\/LatchamArtCentre\/","article_modified_time":"2026-04-22T20:39:09+00:00","og_image":[{"width":1707,"height":2560,"url":"https:\/\/www.latchamartcentre.ca\/wp-content\/uploads\/2026\/04\/IMG_8689-2-scaled.jpg","type":"image\/jpeg"}],"twitter_card":"summary_large_image","twitter_misc":{"Est. reading time":"1 minute"},"schema":{"@context":"https:\/\/schema.org","@graph":[{"@type":"WebPage","@id":"https:\/\/www.latchamartcentre.ca\/product\/acrylic-painting-for-beginners-fall-2026\/","url":"https:\/\/www.latchamartcentre.ca\/product\/acrylic-painting-for-beginners-fall-2026\/","name":"Acrylic Painting for Beginners - Latcham Art Centre","isPartOf":{"@id":"https:\/\/www.latchamartcentre.ca\/#website"},"primaryImageOfPage":{"@id":"https:\/\/www.latchamartcentre.ca\/product\/acrylic-painting-for-beginners-fall-2026\/#primaryimage"},"image":{"@id":"https:\/\/www.latchamartcentre.ca\/product\/acrylic-painting-for-beginners-fall-2026\/#primaryimage"},"thumbnailUrl":"https:\/\/www.latchamartcentre.ca\/wp-content\/uploads\/2026\/04\/IMG_8689-2-scaled.jpg","datePublished":"2026-04-22T20:37:47+00:00","dateModified":"2026-04-22T20:39:09+00:00","breadcrumb":{"@id":"https:\/\/www.latchamartcentre.ca\/product\/acrylic-painting-for-beginners-fall-2026\/#breadcrumb"},"inLanguage":"fr-CA","potentialAction":[{"@type":"ReadAction","target":["https:\/\/www.latchamartcentre.ca\/product\/acrylic-painting-for-beginners-fall-2026\/"]}]},{"@type":"ImageObject","inLanguage":"fr-CA","@id":"https:\/\/www.latchamartcentre.ca\/product\/acrylic-painting-for-beginners-fall-2026\/#primaryimage","url":"https:\/\/www.latchamartcentre.ca\/wp-content\/uploads\/2026\/04\/IMG_8689-2-scaled.jpg","contentUrl":"https:\/\/www.latchamartcentre.ca\/wp-content\/uploads\/2026\/04\/IMG_8689-2-scaled.jpg","width":1707,"height":2560},{"@type":"BreadcrumbList","@id":"https:\/\/www.latchamartcentre.ca\/product\/acrylic-painting-for-beginners-fall-2026\/#breadcrumb","itemListElement":[{"@type":"ListItem","position":1,"name":"Home","item":"https:\/\/www.latchamartcentre.ca\/"},{"@type":"ListItem","position":2,"name":"Programs","item":"https:\/\/www.latchamartcentre.ca\/programs\/"},{"@type":"ListItem","position":3,"name":"Acrylic Painting for Beginners"}]},{"@type":"WebSite","@id":"https:\/\/www.latchamartcentre.ca\/#website","url":"https:\/\/www.latchamartcentre.ca\/","name":"Centre d&#039;art de Latcham","description":"Engaging Visual &amp; Contemporary Art In Stouffville Ontario","publisher":{"@id":"https:\/\/www.latchamartcentre.ca\/#organization"},"potentialAction":[{"@type":"SearchAction","target":{"@type":"EntryPoint","urlTemplate":"https:\/\/www.latchamartcentre.ca\/?s={search_term_string}"},"query-input":{"@type":"PropertyValueSpecification","valueRequired":true,"valueName":"search_term_string"}}],"inLanguage":"fr-CA"},{"@type":"Organization","@id":"https:\/\/www.latchamartcentre.ca\/#organization","name":"Centre d&#039;art de Latcham","url":"https:\/\/www.latchamartcentre.ca\/","logo":{"@type":"ImageObject","inLanguage":"fr-CA","@id":"https:\/\/www.latchamartcentre.ca\/#\/schema\/logo\/image\/","url":"https:\/\/www.latchamartcentre.ca\/wp-content\/uploads\/2025\/09\/Latcham-arts-centre.webp","contentUrl":"https:\/\/www.latchamartcentre.ca\/wp-content\/uploads\/2025\/09\/Latcham-arts-centre.webp","width":1535,"height":475,"caption":"Latcham Art Centre"},"image":{"@id":"https:\/\/www.latchamartcentre.ca\/#\/schema\/logo\/image\/"},"sameAs":["https:\/\/www.facebook.com\/LatchamArtCentre\/","http:\/\/instagram.com\/latchamartcentre\/?hl=en","https:\/\/www.youtube.com\/@latchamartcentre1301\/featured"]}]}},"_links":{"self":[{"href":"https:\/\/www.latchamartcentre.ca\/fr\/wp-json\/wp\/v2\/product\/2054","targetHints":{"allow":["GET"]}}],"collection":[{"href":"https:\/\/www.latchamartcentre.ca\/fr\/wp-json\/wp\/v2\/product"}],"about":[{"href":"https:\/\/www.latchamartcentre.ca\/fr\/wp-json\/wp\/v2\/types\/product"}],"author":[{"embeddable":true,"href":"https:\/\/www.latchamartcentre.ca\/fr\/wp-json\/wp\/v2\/users\/5"}],"wp:featuredmedia":[{"embeddable":true,"href":"https:\/\/www.latchamartcentre.ca\/fr\/wp-json\/wp\/v2\/media\/2055"}],"wp:attachment":[{"href":"https:\/\/www.latchamartcentre.ca\/fr\/wp-json\/wp\/v2\/media?parent=2054"}],"wp:term":[{"taxonomy":"product_brand","embeddable":true,"href":"https:\/\/www.latchamartcentre.ca\/fr\/wp-json\/wp\/v2\/product_brand?post=2054"},{"taxonomy":"product_cat","embeddable":true,"href":"https:\/\/www.latchamartcentre.ca\/fr\/wp-json\/wp\/v2\/product_cat?post=2054"},{"taxonomy":"product_tag","embeddable":true,"href":"https:\/\/www.latchamartcentre.ca\/fr\/wp-json\/wp\/v2\/product_tag?post=2054"}],"curies":[{"name":"wp","href":"https:\/\/api.w.org\/{rel}","templated":true}]}}